{"id":1102,"date":"2022-01-07T14:33:26","date_gmt":"2022-01-07T14:33:26","guid":{"rendered":"https:\/\/la-perle.ch\/produkt\/amino-vida\/"},"modified":"2025-09-18T14:23:57","modified_gmt":"2025-09-18T14:23:57","slug":"amino-vida","status":"publish","type":"product","link":"https:\/\/la-perle.ch\/fr_ch\/shop\/kingnature\/bewegung-sport\/amino-vida\/","title":{"rendered":"Amino Vida"},"content":{"rendered":"<div class=\"woocommerce-product-details__short-description\">\n<p>Complexe d'acides amin\u00e9s contenant les 8 acides amin\u00e9s essentiels plus la L-arginine. Bo\u00eete de 240 comprim\u00e9s contenant chacun 500 mg d'acides amin\u00e9s. Contenu net de la bo\u00eete : 120 g. Bo\u00eete maxi de 960 comprim\u00e9s contenant chacun 500 mg d'acides amin\u00e9s. Contenu net de la bo\u00eete maxi : 480 g.<\/p>\n<p>Neuf acides amin\u00e9s hautement purs, libres et cristallins issus de l\u00e9gumineuses d'origine naturelle, v\u00e9g\u00e9taliens et sans aucun additif. Amino Vida fournit un profil optimal en acides amin\u00e9s, ne contient pratiquement aucune calorie et est rapidement assimilable par l'organisme.<\/p>\n<p>Engagement pour un sport propre : Amino Vida est <a href=\"https:\/\/www.koelnerliste.com\/produkt\/amino-vida\/\">r\u00e9guli\u00e8rement contr\u00f4l\u00e9s pour d\u00e9tecter certaines substances dopantes<\/a> et peut donc \u00eatre pris en toute s\u00e9curit\u00e9 par les sportifs de haut niveau.<\/p>\n<\/div>","protected":false},"excerpt":{"rendered":"<div class=\"woocommerce-product-details__short-description\">\n<p>Aminos\u00e4urenkomplex mit allen 8 essentiellen Aminos\u00e4uren plus L-Arginin. 240 Presslinge mit je 500 mg Aminos\u00e4uren. Inhalt netto 120 gr.<\/p>\n<\/div>","protected":false},"featured_media":4740,"comment_status":"open","ping_status":"closed","template":"","meta":{"_acf_changed":false,"site-sidebar-layout":"default","site-content-layout":"default","ast-site-content-layout":"default","site-content-style":"default","site-sidebar-style":"default","ast-global-header-display":"","ast-banner-title-visibility":"","ast-main-header-display":"","ast-hfb-above-header-display":"","ast-hfb-below-header-display":"","ast-hfb-mobile-header-display":"","site-post-title":"","ast-breadcrumbs-content":"","ast-featured-img":"","footer-sml-layout":"","theme-transparent-header-meta":"default","adv-header-id-meta":"","stick-header-meta":"","header-above-stick-meta":"","header-main-stick-meta":"","header-below-stick-meta":"","astra-migrate-meta-layouts":"set","ast-page-background-enabled":"default","ast-page-background-meta":{"desktop":{"background-color":"var(--ast-global-color-4)","background-image":"","background-repeat":"repeat","background-position":"center center","background-size":"auto","background-attachment":"scroll","background-type":"","background-media":"","overlay-type":"","overlay-color":"","overlay-opacity":"","overlay-gradient":""},"tablet":{"background-color":"","background-image":"","background-repeat":"repeat","background-position":"center center","background-size":"auto","background-attachment":"scroll","background-type":"","background-media":"","overlay-type":"","overlay-color":"","overlay-opacity":"","overlay-gradient":""},"mobile":{"background-color":"","background-image":"","background-repeat":"repeat","background-position":"center center","background-size":"auto","background-attachment":"scroll","background-type":"","background-media":"","overlay-type":"","overlay-color":"","overlay-opacity":"","overlay-gradient":""}},"ast-content-background-meta":{"desktop":{"background-color":"var(--ast-global-color-5)","background-image":"","background-repeat":"repeat","background-position":"center center","background-size":"auto","background-attachment":"scroll","background-type":"","background-media":"","overlay-type":"","overlay-color":"","overlay-opacity":"","overlay-gradient":""},"tablet":{"background-color":"var(--ast-global-color-5)","background-image":"","background-repeat":"repeat","background-position":"center center","background-size":"auto","background-attachment":"scroll","background-type":"","background-media":"","overlay-type":"","overlay-color":"","overlay-opacity":"","overlay-gradient":""},"mobile":{"background-color":"var(--ast-global-color-5)","background-image":"","background-repeat":"repeat","background-position":"center center","background-size":"auto","background-attachment":"scroll","background-type":"","background-media":"","overlay-type":"","overlay-color":"","overlay-opacity":"","overlay-gradient":""}},"_glsr_average":5,"_glsr_ranking":3.636363636363599827205916881212033331394195556640625,"_glsr_reviews":1},"product_brand":[],"product_cat":[23,28],"product_tag":[99,97],"class_list":{"0":"post-1102","1":"product","2":"type-product","3":"status-publish","4":"has-post-thumbnail","6":"product_cat-bewegung-sport","7":"product_cat-kingnature","8":"product_tag-regeneration","9":"product_tag-unterernaehrung","10":"desktop-align-center","11":"tablet-align-left","12":"mobile-align-left","14":"first","15":"instock","16":"shipping-taxable","17":"purchasable","18":"product-type-variable"},"acf":[],"aioseo_notices":[],"jetpack_sharing_enabled":true,"_links":{"self":[{"href":"https:\/\/la-perle.ch\/fr_ch\/wp-json\/wp\/v2\/product\/1102","targetHints":{"allow":["GET"]}}],"collection":[{"href":"https:\/\/la-perle.ch\/fr_ch\/wp-json\/wp\/v2\/product"}],"about":[{"href":"https:\/\/la-perle.ch\/fr_ch\/wp-json\/wp\/v2\/types\/product"}],"replies":[{"embeddable":true,"href":"https:\/\/la-perle.ch\/fr_ch\/wp-json\/wp\/v2\/comments?post=1102"}],"wp:featuredmedia":[{"embeddable":true,"href":"https:\/\/la-perle.ch\/fr_ch\/wp-json\/wp\/v2\/media\/4740"}],"wp:attachment":[{"href":"https:\/\/la-perle.ch\/fr_ch\/wp-json\/wp\/v2\/media?parent=1102"}],"wp:term":[{"taxonomy":"product_brand","embeddable":true,"href":"https:\/\/la-perle.ch\/fr_ch\/wp-json\/wp\/v2\/product_brand?post=1102"},{"taxonomy":"product_cat","embeddable":true,"href":"https:\/\/la-perle.ch\/fr_ch\/wp-json\/wp\/v2\/product_cat?post=1102"},{"taxonomy":"product_tag","embeddable":true,"href":"https:\/\/la-perle.ch\/fr_ch\/wp-json\/wp\/v2\/product_tag?post=1102"}],"curies":[{"name":"wp","href":"https:\/\/api.w.org\/{rel}","templated":true}]}}