{"id":1120,"date":"2022-01-07T14:33:28","date_gmt":"2022-01-07T14:33:28","guid":{"rendered":"https:\/\/la-perle.ch\/produkt\/clear-skin-gel\/"},"modified":"2026-04-03T08:29:15","modified_gmt":"2026-04-03T08:29:15","slug":"clear-skin-gel","status":"publish","type":"product","link":"https:\/\/la-perle.ch\/fr_ch\/shop\/kingnature\/haut\/clear-skin-gel\/","title":{"rendered":"Clear Skin Gel"},"content":{"rendered":"<p>Soutient et soigne la peau impure et l'acn\u00e9. Cosm\u00e9tique naturelle. Les ingr\u00e9dients ont \u00e9t\u00e9 test\u00e9s dans le cadre d'\u00e9tudes scientifiques. Contient de l'artemisia, du phytoderm<strong>\u00ae<\/strong> (extrait de racine de r\u00e9glisse), usNeo<strong>\u00ae <\/strong>(extrait de lichen), du D-panth\u00e9nol (provitamine B5), de la vitamine C et de l'aloe vera. Contenu net : 15 ml. Le produit a \u00e9t\u00e9 test\u00e9 dermatologiquement.<\/p>","protected":false},"excerpt":{"rendered":"<p>Soutient et soigne la peau impure et l'acn\u00e9. Cosm\u00e9tique naturelle. Les ingr\u00e9dients ont \u00e9t\u00e9 test\u00e9s dans le cadre d'\u00e9tudes scientifiques. Contient de l'artemisia, du phytoderm<strong>\u00ae<\/strong> (extrait de racine de r\u00e9glisse), usNeo<strong>\u00ae <\/strong>(extrait de lichen), du D-panth\u00e9nol (provitamine B5), de la vitamine C et de l'aloe vera. Contenu net : 15 ml. Le produit a \u00e9t\u00e9 test\u00e9 dermatologiquement.<\/p>","protected":false},"featured_media":4618,"comment_status":"open","ping_status":"closed","template":"","meta":{"_acf_changed":false,"site-sidebar-layout":"default","site-content-layout":"default","ast-site-content-layout":"default","site-content-style":"default","site-sidebar-style":"default","ast-global-header-display":"","ast-banner-title-visibility":"","ast-main-header-display":"","ast-hfb-above-header-display":"","ast-hfb-below-header-display":"","ast-hfb-mobile-header-display":"","site-post-title":"","ast-breadcrumbs-content":"","ast-featured-img":"","footer-sml-layout":"","theme-transparent-header-meta":"default","adv-header-id-meta":"","stick-header-meta":"","header-above-stick-meta":"","header-main-stick-meta":"","header-below-stick-meta":"","astra-migrate-meta-layouts":"set","ast-page-background-enabled":"default","ast-page-background-meta":{"desktop":{"background-color":"var(--ast-global-color-4)","background-image":"","background-repeat":"repeat","background-position":"center center","background-size":"auto","background-attachment":"scroll","background-type":"","background-media":"","overlay-type":"","overlay-color":"","overlay-opacity":"","overlay-gradient":""},"tablet":{"background-color":"","background-image":"","background-repeat":"repeat","background-position":"center center","background-size":"auto","background-attachment":"scroll","background-type":"","background-media":"","overlay-type":"","overlay-color":"","overlay-opacity":"","overlay-gradient":""},"mobile":{"background-color":"","background-image":"","background-repeat":"repeat","background-position":"center center","background-size":"auto","background-attachment":"scroll","background-type":"","background-media":"","overlay-type":"","overlay-color":"","overlay-opacity":"","overlay-gradient":""}},"ast-content-background-meta":{"desktop":{"background-color":"var(--ast-global-color-5)","background-image":"","background-repeat":"repeat","background-position":"center center","background-size":"auto","background-attachment":"scroll","background-type":"","background-media":"","overlay-type":"","overlay-color":"","overlay-opacity":"","overlay-gradient":""},"tablet":{"background-color":"var(--ast-global-color-5)","background-image":"","background-repeat":"repeat","background-position":"center center","background-size":"auto","background-attachment":"scroll","background-type":"","background-media":"","overlay-type":"","overlay-color":"","overlay-opacity":"","overlay-gradient":""},"mobile":{"background-color":"var(--ast-global-color-5)","background-image":"","background-repeat":"repeat","background-position":"center center","background-size":"auto","background-attachment":"scroll","background-type":"","background-media":"","overlay-type":"","overlay-color":"","overlay-opacity":"","overlay-gradient":""}},"_glsr_average":0,"_glsr_ranking":0,"_glsr_reviews":0},"product_brand":[],"product_cat":[54,28],"product_tag":[81,82,79,80,89,94],"class_list":{"0":"post-1120","1":"product","2":"type-product","3":"status-publish","4":"has-post-thumbnail","6":"product_cat-haut","7":"product_cat-kingnature","8":"product_tag-akne","9":"product_tag-hautauschlaege","10":"product_tag-hautentzuendungen","11":"product_tag-hautunreinheit","12":"product_tag-pilzerkrankungen","13":"product_tag-schuppenflechte","14":"desktop-align-center","15":"tablet-align-left","16":"mobile-align-left","18":"first","19":"instock","20":"shipping-taxable","21":"purchasable","22":"product-type-simple"},"acf":[],"aioseo_notices":[],"jetpack_sharing_enabled":true,"_links":{"self":[{"href":"https:\/\/la-perle.ch\/fr_ch\/wp-json\/wp\/v2\/product\/1120","targetHints":{"allow":["GET"]}}],"collection":[{"href":"https:\/\/la-perle.ch\/fr_ch\/wp-json\/wp\/v2\/product"}],"about":[{"href":"https:\/\/la-perle.ch\/fr_ch\/wp-json\/wp\/v2\/types\/product"}],"replies":[{"embeddable":true,"href":"https:\/\/la-perle.ch\/fr_ch\/wp-json\/wp\/v2\/comments?post=1120"}],"wp:featuredmedia":[{"embeddable":true,"href":"https:\/\/la-perle.ch\/fr_ch\/wp-json\/wp\/v2\/media\/4618"}],"wp:attachment":[{"href":"https:\/\/la-perle.ch\/fr_ch\/wp-json\/wp\/v2\/media?parent=1120"}],"wp:term":[{"taxonomy":"product_brand","embeddable":true,"href":"https:\/\/la-perle.ch\/fr_ch\/wp-json\/wp\/v2\/product_brand?post=1120"},{"taxonomy":"product_cat","embeddable":true,"href":"https:\/\/la-perle.ch\/fr_ch\/wp-json\/wp\/v2\/product_cat?post=1120"},{"taxonomy":"product_tag","embeddable":true,"href":"https:\/\/la-perle.ch\/fr_ch\/wp-json\/wp\/v2\/product_tag?post=1120"}],"curies":[{"name":"wp","href":"https:\/\/api.w.org\/{rel}","templated":true}]}}