{"id":1123,"date":"2022-01-07T14:33:28","date_gmt":"2022-01-07T14:33:28","guid":{"rendered":"https:\/\/la-perle.ch\/produkt\/em-multi-ferment\/"},"modified":"2024-09-12T08:04:55","modified_gmt":"2024-09-12T08:04:55","slug":"em-multi-ferment","status":"publish","type":"product","link":"https:\/\/la-perle.ch\/fr_ch\/shop\/kingnature\/verdauung\/em-multi-ferment\/","title":{"rendered":"EM Multi ferment"},"content":{"rendered":"<p>Concentr\u00e9 ferment\u00e9 de plantes et d'herbes contenant 31 souches bact\u00e9riennes diff\u00e9rentes (cultures de bact\u00e9ries lactiques). Contenu net de 500 ml. Contient 20 milliards de micro-organismes vivants par dose journali\u00e8re et 26 plantes et herbes ferment\u00e9es contenant de nombreux micronutriments (vitamines, ferments, OPC, etc.).<\/p>\n<p>EM Multi ferment contient beaucoup de vitamine C. Celle-ci contribue \u00e0 un m\u00e9tabolisme \u00e9nerg\u00e9tique normal, \u00e0 la protection des cellules contre le stress oxydatif et \u00e0 un fonctionnement normal du syst\u00e8me immunitaire.<\/p>","protected":false},"excerpt":{"rendered":"<p>Concentr\u00e9 ferment\u00e9 de plantes et d'herbes contenant 31 souches bact\u00e9riennes diff\u00e9rentes (cultures de bact\u00e9ries lactiques). Contenu net de 500 ml. Contient 20 milliards de micro-organismes vivants par dose journali\u00e8re et 26 plantes et herbes ferment\u00e9es contenant de nombreux micronutriments (vitamines, ferments, OPC, etc.).<\/p>\n<p>EM Multi ferment contient beaucoup de vitamine C. Celle-ci contribue \u00e0 un m\u00e9tabolisme \u00e9nerg\u00e9tique normal, \u00e0 la protection des cellules contre le stress oxydatif et \u00e0 un fonctionnement normal du syst\u00e8me immunitaire.<\/p>","protected":false},"featured_media":4628,"comment_status":"open","ping_status":"closed","template":"","meta":{"_acf_changed":false,"site-sidebar-layout":"default","site-content-layout":"default","ast-site-content-layout":"default","site-content-style":"default","site-sidebar-style":"default","ast-global-header-display":"","ast-banner-title-visibility":"","ast-main-header-display":"","ast-hfb-above-header-display":"","ast-hfb-below-header-display":"","ast-hfb-mobile-header-display":"","site-post-title":"","ast-breadcrumbs-content":"","ast-featured-img":"","footer-sml-layout":"","theme-transparent-header-meta":"default","adv-header-id-meta":"","stick-header-meta":"","header-above-stick-meta":"","header-main-stick-meta":"","header-below-stick-meta":"","astra-migrate-meta-layouts":"set","ast-page-background-enabled":"default","ast-page-background-meta":{"desktop":{"background-color":"var(--ast-global-color-4)","background-image":"","background-repeat":"repeat","background-position":"center center","background-size":"auto","background-attachment":"scroll","background-type":"","background-media":"","overlay-type":"","overlay-color":"","overlay-opacity":"","overlay-gradient":""},"tablet":{"background-color":"","background-image":"","background-repeat":"repeat","background-position":"center center","background-size":"auto","background-attachment":"scroll","background-type":"","background-media":"","overlay-type":"","overlay-color":"","overlay-opacity":"","overlay-gradient":""},"mobile":{"background-color":"","background-image":"","background-repeat":"repeat","background-position":"center center","background-size":"auto","background-attachment":"scroll","background-type":"","background-media":"","overlay-type":"","overlay-color":"","overlay-opacity":"","overlay-gradient":""}},"ast-content-background-meta":{"desktop":{"background-color":"var(--ast-global-color-5)","background-image":"","background-repeat":"repeat","background-position":"center center","background-size":"auto","background-attachment":"scroll","background-type":"","background-media":"","overlay-type":"","overlay-color":"","overlay-opacity":"","overlay-gradient":""},"tablet":{"background-color":"var(--ast-global-color-5)","background-image":"","background-repeat":"repeat","background-position":"center center","background-size":"auto","background-attachment":"scroll","background-type":"","background-media":"","overlay-type":"","overlay-color":"","overlay-opacity":"","overlay-gradient":""},"mobile":{"background-color":"var(--ast-global-color-5)","background-image":"","background-repeat":"repeat","background-position":"center center","background-size":"auto","background-attachment":"scroll","background-type":"","background-media":"","overlay-type":"","overlay-color":"","overlay-opacity":"","overlay-gradient":""}},"_glsr_average":5,"_glsr_ranking":3.636363636363599827205916881212033331394195556640625,"_glsr_reviews":1},"product_brand":[],"product_cat":[28,47],"product_tag":[38],"class_list":{"0":"post-1123","1":"product","2":"type-product","3":"status-publish","4":"has-post-thumbnail","6":"product_cat-kingnature","7":"product_cat-verdauung","8":"product_tag-darmsanierung","9":"desktop-align-center","10":"tablet-align-left","11":"mobile-align-left","13":"first","14":"instock","15":"shipping-taxable","16":"purchasable","17":"product-type-simple"},"acf":[],"aioseo_notices":[],"jetpack_sharing_enabled":true,"_links":{"self":[{"href":"https:\/\/la-perle.ch\/fr_ch\/wp-json\/wp\/v2\/product\/1123","targetHints":{"allow":["GET"]}}],"collection":[{"href":"https:\/\/la-perle.ch\/fr_ch\/wp-json\/wp\/v2\/product"}],"about":[{"href":"https:\/\/la-perle.ch\/fr_ch\/wp-json\/wp\/v2\/types\/product"}],"replies":[{"embeddable":true,"href":"https:\/\/la-perle.ch\/fr_ch\/wp-json\/wp\/v2\/comments?post=1123"}],"wp:featuredmedia":[{"embeddable":true,"href":"https:\/\/la-perle.ch\/fr_ch\/wp-json\/wp\/v2\/media\/4628"}],"wp:attachment":[{"href":"https:\/\/la-perle.ch\/fr_ch\/wp-json\/wp\/v2\/media?parent=1123"}],"wp:term":[{"taxonomy":"product_brand","embeddable":true,"href":"https:\/\/la-perle.ch\/fr_ch\/wp-json\/wp\/v2\/product_brand?post=1123"},{"taxonomy":"product_cat","embeddable":true,"href":"https:\/\/la-perle.ch\/fr_ch\/wp-json\/wp\/v2\/product_cat?post=1123"},{"taxonomy":"product_tag","embeddable":true,"href":"https:\/\/la-perle.ch\/fr_ch\/wp-json\/wp\/v2\/product_tag?post=1123"}],"curies":[{"name":"wp","href":"https:\/\/api.w.org\/{rel}","templated":true}]}}