{"id":1132,"date":"2022-01-07T14:33:35","date_gmt":"2022-01-07T14:33:35","guid":{"rendered":"https:\/\/la-perle.ch\/produkt\/kurkuma-vida-bio\/"},"modified":"2024-09-12T09:25:17","modified_gmt":"2024-09-12T09:25:17","slug":"curcuma-vida-bio","status":"publish","type":"product","link":"https:\/\/la-perle.ch\/fr_ch\/shop\/kingnature\/verdauung\/kurkuma-vida-bio\/","title":{"rendered":"Curcuma Vida (Bio)"},"content":{"rendered":"<p>Curcuma de premi\u00e8re qualit\u00e9, extrait de th\u00e9 vert et poivre noir. Issu d'une production biologique certifi\u00e9e. Contenu net de 51 g. 72 g\u00e9lules contenant chacune 385 mg de curcuma (spectre complet), 100 mg de curcuma bio (extrait), 50 mg de poivre noir bio et 70 mg de poudre de matcha de th\u00e9 vert bio. Par g\u00e9lule, 12 mg de cat\u00e9chines issues de l'extrait de th\u00e9 vert bio. Nous accordons une grande importance \u00e0 une teneur \u00e9lev\u00e9e en curcumine et en huiles essentielles, lors de la s\u00e9lection de nos ingr\u00e9dients.<\/p>","protected":false},"excerpt":{"rendered":"<p>Curcuma de premi\u00e8re qualit\u00e9, extrait de th\u00e9 vert et poivre noir. Issu d'une production biologique certifi\u00e9e. Contenu net de 51 g. 72 g\u00e9lules contenant chacune 385 mg de curcuma (spectre complet), 100 mg de curcuma bio (extrait), 50 mg de poivre noir bio et 70 mg de poudre de matcha de th\u00e9 vert bio. Par g\u00e9lule, 12 mg de cat\u00e9chines issues de l'extrait de th\u00e9 vert bio. Nous accordons une grande importance \u00e0 une teneur \u00e9lev\u00e9e en curcumine et en huiles essentielles, lors de la s\u00e9lection de nos ingr\u00e9dients.<\/p>","protected":false},"featured_media":4647,"comment_status":"open","ping_status":"closed","template":"","meta":{"_acf_changed":false,"site-sidebar-layout":"default","site-content-layout":"default","ast-site-content-layout":"default","site-content-style":"default","site-sidebar-style":"default","ast-global-header-display":"","ast-banner-title-visibility":"","ast-main-header-display":"","ast-hfb-above-header-display":"","ast-hfb-below-header-display":"","ast-hfb-mobile-header-display":"","site-post-title":"","ast-breadcrumbs-content":"","ast-featured-img":"","footer-sml-layout":"","theme-transparent-header-meta":"default","adv-header-id-meta":"","stick-header-meta":"","header-above-stick-meta":"","header-main-stick-meta":"","header-below-stick-meta":"","astra-migrate-meta-layouts":"set","ast-page-background-enabled":"default","ast-page-background-meta":{"desktop":{"background-color":"var(--ast-global-color-4)","background-image":"","background-repeat":"repeat","background-position":"center center","background-size":"auto","background-attachment":"scroll","background-type":"","background-media":"","overlay-type":"","overlay-color":"","overlay-opacity":"","overlay-gradient":""},"tablet":{"background-color":"","background-image":"","background-repeat":"repeat","background-position":"center center","background-size":"auto","background-attachment":"scroll","background-type":"","background-media":"","overlay-type":"","overlay-color":"","overlay-opacity":"","overlay-gradient":""},"mobile":{"background-color":"","background-image":"","background-repeat":"repeat","background-position":"center center","background-size":"auto","background-attachment":"scroll","background-type":"","background-media":"","overlay-type":"","overlay-color":"","overlay-opacity":"","overlay-gradient":""}},"ast-content-background-meta":{"desktop":{"background-color":"var(--ast-global-color-5)","background-image":"","background-repeat":"repeat","background-position":"center center","background-size":"auto","background-attachment":"scroll","background-type":"","background-media":"","overlay-type":"","overlay-color":"","overlay-opacity":"","overlay-gradient":""},"tablet":{"background-color":"var(--ast-global-color-5)","background-image":"","background-repeat":"repeat","background-position":"center center","background-size":"auto","background-attachment":"scroll","background-type":"","background-media":"","overlay-type":"","overlay-color":"","overlay-opacity":"","overlay-gradient":""},"mobile":{"background-color":"var(--ast-global-color-5)","background-image":"","background-repeat":"repeat","background-position":"center center","background-size":"auto","background-attachment":"scroll","background-type":"","background-media":"","overlay-type":"","overlay-color":"","overlay-opacity":"","overlay-gradient":""}},"_glsr_average":0,"_glsr_ranking":0,"_glsr_reviews":0},"product_brand":[],"product_cat":[28,47],"product_tag":[63,68,69,88,64],"class_list":{"0":"post-1132","1":"product","2":"type-product","3":"status-publish","4":"has-post-thumbnail","6":"product_cat-kingnature","7":"product_cat-verdauung","8":"product_tag-blaehungen","9":"product_tag-darmentzuendung-chronisch","10":"product_tag-darmerkrankung-chronisch","11":"product_tag-krebs","12":"product_tag-verdauungsprobleme","13":"desktop-align-center","14":"tablet-align-left","15":"mobile-align-left","17":"first","18":"instock","19":"shipping-taxable","20":"purchasable","21":"product-type-variable"},"acf":[],"aioseo_notices":[],"jetpack_sharing_enabled":true,"_links":{"self":[{"href":"https:\/\/la-perle.ch\/fr_ch\/wp-json\/wp\/v2\/product\/1132","targetHints":{"allow":["GET"]}}],"collection":[{"href":"https:\/\/la-perle.ch\/fr_ch\/wp-json\/wp\/v2\/product"}],"about":[{"href":"https:\/\/la-perle.ch\/fr_ch\/wp-json\/wp\/v2\/types\/product"}],"replies":[{"embeddable":true,"href":"https:\/\/la-perle.ch\/fr_ch\/wp-json\/wp\/v2\/comments?post=1132"}],"wp:featuredmedia":[{"embeddable":true,"href":"https:\/\/la-perle.ch\/fr_ch\/wp-json\/wp\/v2\/media\/4647"}],"wp:attachment":[{"href":"https:\/\/la-perle.ch\/fr_ch\/wp-json\/wp\/v2\/media?parent=1132"}],"wp:term":[{"taxonomy":"product_brand","embeddable":true,"href":"https:\/\/la-perle.ch\/fr_ch\/wp-json\/wp\/v2\/product_brand?post=1132"},{"taxonomy":"product_cat","embeddable":true,"href":"https:\/\/la-perle.ch\/fr_ch\/wp-json\/wp\/v2\/product_cat?post=1132"},{"taxonomy":"product_tag","embeddable":true,"href":"https:\/\/la-perle.ch\/fr_ch\/wp-json\/wp\/v2\/product_tag?post=1132"}],"curies":[{"name":"wp","href":"https:\/\/api.w.org\/{rel}","templated":true}]}}