{"id":1142,"date":"2022-01-07T14:33:36","date_gmt":"2022-01-07T14:33:36","guid":{"rendered":"https:\/\/la-perle.ch\/produkt\/nadh-vida-30\/"},"modified":"2024-05-06T12:45:20","modified_gmt":"2024-05-06T12:45:20","slug":"nadh-vida-30","status":"publish","type":"product","link":"https:\/\/la-perle.ch\/fr_ch\/shop\/kingnature\/kognitive-leistung\/nadh-vida-30\/","title":{"rendered":"NADH Vida"},"content":{"rendered":"<p>Comprim\u00e9s sublinguaux contenant chacun 20 mg de NADH stabilis\u00e9. \u00c9galement appel\u00e9 coenzyme NADH, hydrog\u00e8ne biologique ou coenzyme 1. Avec de la biotine pour contribuer \u00e0 un m\u00e9tabolisme \u00e9nerg\u00e9tique normal. Contenu net : 9 g.<\/p>\n<p>Participation \u00e0 un sport propre : NADH Vida peut \u00eatre pris en toute s\u00e9curit\u00e9 par des sportifs de haut niveau, car il est r\u00e9guli\u00e8rement soumis \u00e0 des tests de d\u00e9pistage de substances dopantes bien choisi.<\/p>","protected":false},"excerpt":{"rendered":"<div class=\"woocommerce-variation-description\">\n<p>Comprim\u00e9s sublinguaux contenant chacun 20 mg de NADH stabilis\u00e9. \u00c9galement appel\u00e9 coenzyme NADH, hydrog\u00e8ne biologique ou coenzyme 1. Avec de la biotine pour contribuer \u00e0 un m\u00e9tabolisme \u00e9nerg\u00e9tique normal. Contenu net : 9 g.<\/p>\n<p>Participation \u00e0 un sport propre : NADH Vida peut \u00eatre pris en toute s\u00e9curit\u00e9 par des sportifs de haut niveau, car il est r\u00e9guli\u00e8rement soumis \u00e0 des tests de d\u00e9pistage de substances dopantes bien choisi.<\/p>\n<\/div>","protected":false},"featured_media":1673,"comment_status":"open","ping_status":"closed","template":"","meta":{"_acf_changed":false,"site-sidebar-layout":"default","site-content-layout":"default","ast-site-content-layout":"default","site-content-style":"default","site-sidebar-style":"default","ast-global-header-display":"","ast-banner-title-visibility":"","ast-main-header-display":"","ast-hfb-above-header-display":"","ast-hfb-below-header-display":"","ast-hfb-mobile-header-display":"","site-post-title":"","ast-breadcrumbs-content":"","ast-featured-img":"","footer-sml-layout":"","theme-transparent-header-meta":"default","adv-header-id-meta":"","stick-header-meta":"","header-above-stick-meta":"","header-main-stick-meta":"","header-below-stick-meta":"","astra-migrate-meta-layouts":"set","ast-page-background-enabled":"default","ast-page-background-meta":{"desktop":{"background-color":"var(--ast-global-color-4)","background-image":"","background-repeat":"repeat","background-position":"center center","background-size":"auto","background-attachment":"scroll","background-type":"","background-media":"","overlay-type":"","overlay-color":"","overlay-opacity":"","overlay-gradient":""},"tablet":{"background-color":"","background-image":"","background-repeat":"repeat","background-position":"center center","background-size":"auto","background-attachment":"scroll","background-type":"","background-media":"","overlay-type":"","overlay-color":"","overlay-opacity":"","overlay-gradient":""},"mobile":{"background-color":"","background-image":"","background-repeat":"repeat","background-position":"center center","background-size":"auto","background-attachment":"scroll","background-type":"","background-media":"","overlay-type":"","overlay-color":"","overlay-opacity":"","overlay-gradient":""}},"ast-content-background-meta":{"desktop":{"background-color":"var(--ast-global-color-5)","background-image":"","background-repeat":"repeat","background-position":"center center","background-size":"auto","background-attachment":"scroll","background-type":"","background-media":"","overlay-type":"","overlay-color":"","overlay-opacity":"","overlay-gradient":""},"tablet":{"background-color":"var(--ast-global-color-5)","background-image":"","background-repeat":"repeat","background-position":"center center","background-size":"auto","background-attachment":"scroll","background-type":"","background-media":"","overlay-type":"","overlay-color":"","overlay-opacity":"","overlay-gradient":""},"mobile":{"background-color":"var(--ast-global-color-5)","background-image":"","background-repeat":"repeat","background-position":"center center","background-size":"auto","background-attachment":"scroll","background-type":"","background-media":"","overlay-type":"","overlay-color":"","overlay-opacity":"","overlay-gradient":""}},"_glsr_average":0,"_glsr_ranking":0,"_glsr_reviews":0},"product_brand":[],"product_cat":[28,48],"product_tag":[65,71,100,90],"class_list":{"0":"post-1142","1":"product","2":"type-product","3":"status-publish","4":"has-post-thumbnail","6":"product_cat-kingnature","7":"product_cat-kognitive-leistung","8":"product_tag-burnout","9":"product_tag-diabetes","10":"product_tag-leistungssteigerung","11":"product_tag-muedigkeit","12":"desktop-align-center","13":"tablet-align-left","14":"mobile-align-left","16":"first","17":"instock","18":"shipping-taxable","19":"purchasable","20":"product-type-variable"},"acf":[],"aioseo_notices":[],"jetpack_sharing_enabled":true,"_links":{"self":[{"href":"https:\/\/la-perle.ch\/fr_ch\/wp-json\/wp\/v2\/product\/1142","targetHints":{"allow":["GET"]}}],"collection":[{"href":"https:\/\/la-perle.ch\/fr_ch\/wp-json\/wp\/v2\/product"}],"about":[{"href":"https:\/\/la-perle.ch\/fr_ch\/wp-json\/wp\/v2\/types\/product"}],"replies":[{"embeddable":true,"href":"https:\/\/la-perle.ch\/fr_ch\/wp-json\/wp\/v2\/comments?post=1142"}],"wp:featuredmedia":[{"embeddable":true,"href":"https:\/\/la-perle.ch\/fr_ch\/wp-json\/wp\/v2\/media\/1673"}],"wp:attachment":[{"href":"https:\/\/la-perle.ch\/fr_ch\/wp-json\/wp\/v2\/media?parent=1142"}],"wp:term":[{"taxonomy":"product_brand","embeddable":true,"href":"https:\/\/la-perle.ch\/fr_ch\/wp-json\/wp\/v2\/product_brand?post=1142"},{"taxonomy":"product_cat","embeddable":true,"href":"https:\/\/la-perle.ch\/fr_ch\/wp-json\/wp\/v2\/product_cat?post=1142"},{"taxonomy":"product_tag","embeddable":true,"href":"https:\/\/la-perle.ch\/fr_ch\/wp-json\/wp\/v2\/product_tag?post=1142"}],"curies":[{"name":"wp","href":"https:\/\/api.w.org\/{rel}","templated":true}]}}