{"id":1143,"date":"2022-01-07T14:33:36","date_gmt":"2022-01-07T14:33:36","guid":{"rendered":"https:\/\/la-perle.ch\/produkt\/neovital-450-ml\/"},"modified":"2026-04-03T07:34:16","modified_gmt":"2026-04-03T07:34:16","slug":"neovital-450-ml","status":"publish","type":"product","link":"https:\/\/la-perle.ch\/fr_ch\/shop\/kingnature\/verdauung\/neovital-450-ml\/","title":{"rendered":"Neovital"},"content":{"rendered":"<p>Neovital contient les vitamines C, B12, E, le folate (vitamine B9) et le b\u00eata-carot\u00e8ne (provitamine A) sous forme liposomale avec une biodisponibilit\u00e9 augment\u00e9e. Le folate, la vitamine C et les vitamines du groupe B12 contribuent au fonctionnement normal du syst\u00e8me immunitaire, \u00e0 la r\u00e9duction de la fatigue et de l'\u00e9puisement et \u00e0 une fonction psychique normale. Le folate et les vitamines du groupe B12 ont une fonction dans la division cellulaire. Les vitamines C et E contribuent \u00e0 prot\u00e9ger les cellules contre le stress oxydatif. La vitamine C et les vitamines du groupe B12 contribuent \u00e0 un m\u00e9tabolisme \u00e9nerg\u00e9tique normal et au fonctionnement normal du syst\u00e8me nerveux. Contenu net 450 ml.<\/p>","protected":false},"excerpt":{"rendered":"<p>Neovital beinhaltet die Vitamine C, B12, E, Folat (Vitamin B9) und Beta-Carotin (Provitamin A) in liposomaler Form mit erh\u00f6hter Bioverf\u00fcgbarkeit. Folat, Vitamin C und die Vitamine der B12-Gruppe tragen zur Verringerung von M\u00fcdigkeit und Erm\u00fcdung, zu einer normalen Funktion des Immunsystems sowie zu einer normalen psychischen Funktion bei. Die Vitamine der B12-Gruppe und Folat haben eine Funktion bei der Zellteilung. Die Vitamine C und E helfen, die Zellen vor oxidativen Stress zu sch\u00fctzen. Vitamin C und die Vitamine der B12-Gruppe verhelfen zur normalen Funktion des Nervensystems und zu einem normalen Energiestoffwechsel. Nettoinhalt 450 ml.<\/p>","protected":false},"featured_media":1686,"comment_status":"open","ping_status":"closed","template":"","meta":{"_acf_changed":false,"site-sidebar-layout":"default","site-content-layout":"default","ast-site-content-layout":"default","site-content-style":"default","site-sidebar-style":"default","ast-global-header-display":"","ast-banner-title-visibility":"","ast-main-header-display":"","ast-hfb-above-header-display":"","ast-hfb-below-header-display":"","ast-hfb-mobile-header-display":"","site-post-title":"","ast-breadcrumbs-content":"","ast-featured-img":"","footer-sml-layout":"","theme-transparent-header-meta":"default","adv-header-id-meta":"","stick-header-meta":"","header-above-stick-meta":"","header-main-stick-meta":"","header-below-stick-meta":"","astra-migrate-meta-layouts":"set","ast-page-background-enabled":"default","ast-page-background-meta":{"desktop":{"background-color":"var(--ast-global-color-4)","background-image":"","background-repeat":"repeat","background-position":"center center","background-size":"auto","background-attachment":"scroll","background-type":"","background-media":"","overlay-type":"","overlay-color":"","overlay-opacity":"","overlay-gradient":""},"tablet":{"background-color":"","background-image":"","background-repeat":"repeat","background-position":"center center","background-size":"auto","background-attachment":"scroll","background-type":"","background-media":"","overlay-type":"","overlay-color":"","overlay-opacity":"","overlay-gradient":""},"mobile":{"background-color":"","background-image":"","background-repeat":"repeat","background-position":"center center","background-size":"auto","background-attachment":"scroll","background-type":"","background-media":"","overlay-type":"","overlay-color":"","overlay-opacity":"","overlay-gradient":""}},"ast-content-background-meta":{"desktop":{"background-color":"var(--ast-global-color-5)","background-image":"","background-repeat":"repeat","background-position":"center center","background-size":"auto","background-attachment":"scroll","background-type":"","background-media":"","overlay-type":"","overlay-color":"","overlay-opacity":"","overlay-gradient":""},"tablet":{"background-color":"var(--ast-global-color-5)","background-image":"","background-repeat":"repeat","background-position":"center center","background-size":"auto","background-attachment":"scroll","background-type":"","background-media":"","overlay-type":"","overlay-color":"","overlay-opacity":"","overlay-gradient":""},"mobile":{"background-color":"var(--ast-global-color-5)","background-image":"","background-repeat":"repeat","background-position":"center center","background-size":"auto","background-attachment":"scroll","background-type":"","background-media":"","overlay-type":"","overlay-color":"","overlay-opacity":"","overlay-gradient":""}},"_glsr_average":0,"_glsr_ranking":0,"_glsr_reviews":0},"product_brand":[],"product_cat":[28,47],"product_tag":[61,68,69,38],"class_list":{"0":"post-1143","1":"product","2":"type-product","3":"status-publish","4":"has-post-thumbnail","6":"product_cat-kingnature","7":"product_cat-verdauung","8":"product_tag-autismus","9":"product_tag-darmentzuendung-chronisch","10":"product_tag-darmerkrankung-chronisch","11":"product_tag-darmsanierung","12":"desktop-align-center","13":"tablet-align-left","14":"mobile-align-left","16":"first","17":"instock","18":"shipping-taxable","19":"purchasable","20":"product-type-simple"},"acf":[],"aioseo_notices":[],"jetpack_sharing_enabled":true,"_links":{"self":[{"href":"https:\/\/la-perle.ch\/fr_ch\/wp-json\/wp\/v2\/product\/1143","targetHints":{"allow":["GET"]}}],"collection":[{"href":"https:\/\/la-perle.ch\/fr_ch\/wp-json\/wp\/v2\/product"}],"about":[{"href":"https:\/\/la-perle.ch\/fr_ch\/wp-json\/wp\/v2\/types\/product"}],"replies":[{"embeddable":true,"href":"https:\/\/la-perle.ch\/fr_ch\/wp-json\/wp\/v2\/comments?post=1143"}],"wp:featuredmedia":[{"embeddable":true,"href":"https:\/\/la-perle.ch\/fr_ch\/wp-json\/wp\/v2\/media\/1686"}],"wp:attachment":[{"href":"https:\/\/la-perle.ch\/fr_ch\/wp-json\/wp\/v2\/media?parent=1143"}],"wp:term":[{"taxonomy":"product_brand","embeddable":true,"href":"https:\/\/la-perle.ch\/fr_ch\/wp-json\/wp\/v2\/product_brand?post=1143"},{"taxonomy":"product_cat","embeddable":true,"href":"https:\/\/la-perle.ch\/fr_ch\/wp-json\/wp\/v2\/product_cat?post=1143"},{"taxonomy":"product_tag","embeddable":true,"href":"https:\/\/la-perle.ch\/fr_ch\/wp-json\/wp\/v2\/product_tag?post=1143"}],"curies":[{"name":"wp","href":"https:\/\/api.w.org\/{rel}","templated":true}]}}