{"id":1148,"date":"2022-01-07T14:33:36","date_gmt":"2022-01-07T14:33:36","guid":{"rendered":"https:\/\/la-perle.ch\/produkt\/opc-24-nachtcreme\/"},"modified":"2023-05-23T09:50:38","modified_gmt":"2023-05-23T09:50:38","slug":"opc-24-creme-de-nuit","status":"publish","type":"product","link":"https:\/\/la-perle.ch\/fr_ch\/shop\/kingnature\/naturkosmetik\/opc-24-nachtcreme\/","title":{"rendered":"OPC 24 cr\u00e8me de nuit"},"content":{"rendered":"<p>Formule am\u00e9lior\u00e9e : Nouveau 100% naturelle ! Cr\u00e8me de nuit OPC 24 pour les soins quotidiens. Cosm\u00e9tique naturelle pr\u00e9cieuse \u00e0 base de mati\u00e8res premi\u00e8res naturelles, dans un emballage \u00e9l\u00e9gant. Avec des OPC issus d'extrait de p\u00e9pins de raisin et d'extrait de baies d'aronia (anti-\u00e2ge naturel), de l'huile de jojoba lissante, du beurre de karit\u00e9 relipidant, de l'huile d'amande nourrissante, du pr\u00e9cieux aloe-vera bio, de l'huile d'argan nourrissante, des huiles parfum\u00e9es de pamplemousse, de rose et de lavande et de l'huile de rose sauvage (anti-\u00e2ge). Contenu net 50 ml.<\/p>","protected":false},"excerpt":{"rendered":"<p>Formule am\u00e9lior\u00e9e : Nouveau 100% naturelle ! Cr\u00e8me de nuit OPC 24 pour les soins quotidiens. Cosm\u00e9tique naturelle pr\u00e9cieuse \u00e0 base de mati\u00e8res premi\u00e8res naturelles, dans un emballage \u00e9l\u00e9gant. Avec des OPC issus d'extrait de p\u00e9pins de raisin et d'extrait de baies d'aronia (anti-\u00e2ge naturel), de l'huile de jojoba lissante, du beurre de karit\u00e9 relipidant, de l'huile d'amande nourrissante, du pr\u00e9cieux aloe-vera bio, de l'huile d'argan nourrissante, des huiles parfum\u00e9es de pamplemousse, de rose et de lavande et de l'huile de rose sauvage (anti-\u00e2ge). Contenu net 50 ml.<\/p>","protected":false},"featured_media":1718,"comment_status":"open","ping_status":"closed","template":"","meta":{"_acf_changed":false,"site-sidebar-layout":"default","site-content-layout":"default","ast-site-content-layout":"default","site-content-style":"default","site-sidebar-style":"default","ast-global-header-display":"","ast-banner-title-visibility":"","ast-main-header-display":"","ast-hfb-above-header-display":"","ast-hfb-below-header-display":"","ast-hfb-mobile-header-display":"","site-post-title":"","ast-breadcrumbs-content":"","ast-featured-img":"","footer-sml-layout":"","theme-transparent-header-meta":"default","adv-header-id-meta":"","stick-header-meta":"","header-above-stick-meta":"","header-main-stick-meta":"","header-below-stick-meta":"","astra-migrate-meta-layouts":"default","ast-page-background-enabled":"default","ast-page-background-meta":{"desktop":{"background-color":"var(--ast-global-color-4)","background-image":"","background-repeat":"repeat","background-position":"center center","background-size":"auto","background-attachment":"scroll","background-type":"","background-media":"","overlay-type":"","overlay-color":"","overlay-opacity":"","overlay-gradient":""},"tablet":{"background-color":"","background-image":"","background-repeat":"repeat","background-position":"center center","background-size":"auto","background-attachment":"scroll","background-type":"","background-media":"","overlay-type":"","overlay-color":"","overlay-opacity":"","overlay-gradient":""},"mobile":{"background-color":"","background-image":"","background-repeat":"repeat","background-position":"center center","background-size":"auto","background-attachment":"scroll","background-type":"","background-media":"","overlay-type":"","overlay-color":"","overlay-opacity":"","overlay-gradient":""}},"ast-content-background-meta":{"desktop":{"background-color":"var(--ast-global-color-5)","background-image":"","background-repeat":"repeat","background-position":"center center","background-size":"auto","background-attachment":"scroll","background-type":"","background-media":"","overlay-type":"","overlay-color":"","overlay-opacity":"","overlay-gradient":""},"tablet":{"background-color":"var(--ast-global-color-5)","background-image":"","background-repeat":"repeat","background-position":"center center","background-size":"auto","background-attachment":"scroll","background-type":"","background-media":"","overlay-type":"","overlay-color":"","overlay-opacity":"","overlay-gradient":""},"mobile":{"background-color":"var(--ast-global-color-5)","background-image":"","background-repeat":"repeat","background-position":"center center","background-size":"auto","background-attachment":"scroll","background-type":"","background-media":"","overlay-type":"","overlay-color":"","overlay-opacity":"","overlay-gradient":""}},"_glsr_average":0,"_glsr_ranking":0,"_glsr_reviews":0},"product_brand":[],"product_cat":[28,49],"product_tag":[],"class_list":{"0":"post-1148","1":"product","2":"type-product","3":"status-publish","4":"has-post-thumbnail","6":"product_cat-kingnature","7":"product_cat-naturkosmetik","8":"desktop-align-center","9":"tablet-align-left","10":"mobile-align-left","12":"first","13":"instock","14":"shipping-taxable","15":"purchasable","16":"product-type-simple"},"acf":[],"aioseo_notices":[],"jetpack_sharing_enabled":true,"_links":{"self":[{"href":"https:\/\/la-perle.ch\/fr_ch\/wp-json\/wp\/v2\/product\/1148","targetHints":{"allow":["GET"]}}],"collection":[{"href":"https:\/\/la-perle.ch\/fr_ch\/wp-json\/wp\/v2\/product"}],"about":[{"href":"https:\/\/la-perle.ch\/fr_ch\/wp-json\/wp\/v2\/types\/product"}],"replies":[{"embeddable":true,"href":"https:\/\/la-perle.ch\/fr_ch\/wp-json\/wp\/v2\/comments?post=1148"}],"wp:featuredmedia":[{"embeddable":true,"href":"https:\/\/la-perle.ch\/fr_ch\/wp-json\/wp\/v2\/media\/1718"}],"wp:attachment":[{"href":"https:\/\/la-perle.ch\/fr_ch\/wp-json\/wp\/v2\/media?parent=1148"}],"wp:term":[{"taxonomy":"product_brand","embeddable":true,"href":"https:\/\/la-perle.ch\/fr_ch\/wp-json\/wp\/v2\/product_brand?post=1148"},{"taxonomy":"product_cat","embeddable":true,"href":"https:\/\/la-perle.ch\/fr_ch\/wp-json\/wp\/v2\/product_cat?post=1148"},{"taxonomy":"product_tag","embeddable":true,"href":"https:\/\/la-perle.ch\/fr_ch\/wp-json\/wp\/v2\/product_tag?post=1148"}],"curies":[{"name":"wp","href":"https:\/\/api.w.org\/{rel}","templated":true}]}}