{"id":1151,"date":"2022-01-07T14:33:37","date_gmt":"2022-01-07T14:33:37","guid":{"rendered":"https:\/\/la-perle.ch\/produkt\/pollen-vida\/"},"modified":"2026-04-03T08:54:23","modified_gmt":"2026-04-03T08:54:23","slug":"pollen-vida","status":"publish","type":"product","link":"https:\/\/la-perle.ch\/fr_ch\/shop\/kingnature\/grundversorgung\/pollen-vida\/","title":{"rendered":"Pollen Vida"},"content":{"rendered":"<p>Je 333 mg Bl\u00fctenpollen-Extrakt und 60 mg Acerolapulver mit nat\u00fcrlichem Vitamin C in 90 Kapseln. Mit dem Bestandteil Vitamin C verringert Pollen Vida M\u00fcdigkeit und Erm\u00fcdung und tr\u00e4gt zu einer erh\u00f6hten Eisenaufnahme bei. In der Schweiz verarbeitet. Nettoinhalt 44 g.<\/p>","protected":false},"excerpt":{"rendered":"<p>333 mg d'extrait de pollen de fleurs et 60 mg de poudre d'ac\u00e9rola avec de la vitamine C naturelle dans 90 g\u00e9lules. Gr\u00e2ce \u00e0 son composant, la vitamine C, Pollen Vida r\u00e9duit la fatigue et contribue \u00e0 une meilleure absorption du fer. Transform\u00e9 en Suisse. Contenu net 44 g.<\/p>","protected":false},"featured_media":1746,"comment_status":"open","ping_status":"closed","template":"","meta":{"_acf_changed":false,"site-sidebar-layout":"default","site-content-layout":"default","ast-site-content-layout":"default","site-content-style":"default","site-sidebar-style":"default","ast-global-header-display":"","ast-banner-title-visibility":"","ast-main-header-display":"","ast-hfb-above-header-display":"","ast-hfb-below-header-display":"","ast-hfb-mobile-header-display":"","site-post-title":"","ast-breadcrumbs-content":"","ast-featured-img":"","footer-sml-layout":"","theme-transparent-header-meta":"default","adv-header-id-meta":"","stick-header-meta":"","header-above-stick-meta":"","header-main-stick-meta":"","header-below-stick-meta":"","astra-migrate-meta-layouts":"set","ast-page-background-enabled":"default","ast-page-background-meta":{"desktop":{"background-color":"var(--ast-global-color-4)","background-image":"","background-repeat":"repeat","background-position":"center center","background-size":"auto","background-attachment":"scroll","background-type":"","background-media":"","overlay-type":"","overlay-color":"","overlay-opacity":"","overlay-gradient":""},"tablet":{"background-color":"","background-image":"","background-repeat":"repeat","background-position":"center center","background-size":"auto","background-attachment":"scroll","background-type":"","background-media":"","overlay-type":"","overlay-color":"","overlay-opacity":"","overlay-gradient":""},"mobile":{"background-color":"","background-image":"","background-repeat":"repeat","background-position":"center center","background-size":"auto","background-attachment":"scroll","background-type":"","background-media":"","overlay-type":"","overlay-color":"","overlay-opacity":"","overlay-gradient":""}},"ast-content-background-meta":{"desktop":{"background-color":"var(--ast-global-color-5)","background-image":"","background-repeat":"repeat","background-position":"center center","background-size":"auto","background-attachment":"scroll","background-type":"","background-media":"","overlay-type":"","overlay-color":"","overlay-opacity":"","overlay-gradient":""},"tablet":{"background-color":"var(--ast-global-color-5)","background-image":"","background-repeat":"repeat","background-position":"center center","background-size":"auto","background-attachment":"scroll","background-type":"","background-media":"","overlay-type":"","overlay-color":"","overlay-opacity":"","overlay-gradient":""},"mobile":{"background-color":"var(--ast-global-color-5)","background-image":"","background-repeat":"repeat","background-position":"center center","background-size":"auto","background-attachment":"scroll","background-type":"","background-media":"","overlay-type":"","overlay-color":"","overlay-opacity":"","overlay-gradient":""}},"_glsr_average":0,"_glsr_ranking":0,"_glsr_reviews":0},"product_brand":[],"product_cat":[51,28],"product_tag":[],"class_list":{"0":"post-1151","1":"product","2":"type-product","3":"status-publish","4":"has-post-thumbnail","6":"product_cat-grundversorgung","7":"product_cat-kingnature","8":"desktop-align-center","9":"tablet-align-left","10":"mobile-align-left","12":"first","13":"instock","14":"shipping-taxable","15":"purchasable","16":"product-type-simple"},"acf":[],"aioseo_notices":[],"jetpack_sharing_enabled":true,"_links":{"self":[{"href":"https:\/\/la-perle.ch\/fr_ch\/wp-json\/wp\/v2\/product\/1151","targetHints":{"allow":["GET"]}}],"collection":[{"href":"https:\/\/la-perle.ch\/fr_ch\/wp-json\/wp\/v2\/product"}],"about":[{"href":"https:\/\/la-perle.ch\/fr_ch\/wp-json\/wp\/v2\/types\/product"}],"replies":[{"embeddable":true,"href":"https:\/\/la-perle.ch\/fr_ch\/wp-json\/wp\/v2\/comments?post=1151"}],"wp:featuredmedia":[{"embeddable":true,"href":"https:\/\/la-perle.ch\/fr_ch\/wp-json\/wp\/v2\/media\/1746"}],"wp:attachment":[{"href":"https:\/\/la-perle.ch\/fr_ch\/wp-json\/wp\/v2\/media?parent=1151"}],"wp:term":[{"taxonomy":"product_brand","embeddable":true,"href":"https:\/\/la-perle.ch\/fr_ch\/wp-json\/wp\/v2\/product_brand?post=1151"},{"taxonomy":"product_cat","embeddable":true,"href":"https:\/\/la-perle.ch\/fr_ch\/wp-json\/wp\/v2\/product_cat?post=1151"},{"taxonomy":"product_tag","embeddable":true,"href":"https:\/\/la-perle.ch\/fr_ch\/wp-json\/wp\/v2\/product_tag?post=1151"}],"curies":[{"name":"wp","href":"https:\/\/api.w.org\/{rel}","templated":true}]}}