{"id":1152,"date":"2022-01-07T14:33:37","date_gmt":"2022-01-07T14:33:37","guid":{"rendered":"https:\/\/la-perle.ch\/produkt\/probiotic-vida\/"},"modified":"2024-09-17T07:13:37","modified_gmt":"2024-09-17T07:13:37","slug":"probiotique-vida","status":"publish","type":"product","link":"https:\/\/la-perle.ch\/fr_ch\/shop\/kingnature\/verdauung\/probiotic-vida\/","title":{"rendered":"Probiotic Vida"},"content":{"rendered":"<p>Probiotic Vida combine 13 souches de bact\u00e9ries diff\u00e9rentes avec plusieurs sources de fibres. Contenu net de 90 g. Contient de la gomme de guar partiellement hydrolys\u00e9e, de l'inuline de chicor\u00e9e, de la poudre de t\u00e9gument de psyllium ainsi que 300 milliards de bact\u00e9ries.<\/p>","protected":false},"excerpt":{"rendered":"<p>Probiotic Vida combine 13 souches de bact\u00e9ries diff\u00e9rentes avec plusieurs sources de fibres. Contenu net de 90 g. Contient de la gomme de guar partiellement hydrolys\u00e9e, de l'inuline de chicor\u00e9e, de la poudre de t\u00e9gument de psyllium ainsi que 300 milliards de bact\u00e9ries.<\/p>","protected":false},"featured_media":1754,"comment_status":"open","ping_status":"closed","template":"","meta":{"_acf_changed":false,"site-sidebar-layout":"default","site-content-layout":"default","ast-site-content-layout":"default","site-content-style":"default","site-sidebar-style":"default","ast-global-header-display":"","ast-banner-title-visibility":"","ast-main-header-display":"","ast-hfb-above-header-display":"","ast-hfb-below-header-display":"","ast-hfb-mobile-header-display":"","site-post-title":"","ast-breadcrumbs-content":"","ast-featured-img":"","footer-sml-layout":"","theme-transparent-header-meta":"default","adv-header-id-meta":"","stick-header-meta":"","header-above-stick-meta":"","header-main-stick-meta":"","header-below-stick-meta":"","astra-migrate-meta-layouts":"set","ast-page-background-enabled":"default","ast-page-background-meta":{"desktop":{"background-color":"var(--ast-global-color-4)","background-image":"","background-repeat":"repeat","background-position":"center center","background-size":"auto","background-attachment":"scroll","background-type":"","background-media":"","overlay-type":"","overlay-color":"","overlay-opacity":"","overlay-gradient":""},"tablet":{"background-color":"","background-image":"","background-repeat":"repeat","background-position":"center center","background-size":"auto","background-attachment":"scroll","background-type":"","background-media":"","overlay-type":"","overlay-color":"","overlay-opacity":"","overlay-gradient":""},"mobile":{"background-color":"","background-image":"","background-repeat":"repeat","background-position":"center center","background-size":"auto","background-attachment":"scroll","background-type":"","background-media":"","overlay-type":"","overlay-color":"","overlay-opacity":"","overlay-gradient":""}},"ast-content-background-meta":{"desktop":{"background-color":"var(--ast-global-color-5)","background-image":"","background-repeat":"repeat","background-position":"center center","background-size":"auto","background-attachment":"scroll","background-type":"","background-media":"","overlay-type":"","overlay-color":"","overlay-opacity":"","overlay-gradient":""},"tablet":{"background-color":"var(--ast-global-color-5)","background-image":"","background-repeat":"repeat","background-position":"center center","background-size":"auto","background-attachment":"scroll","background-type":"","background-media":"","overlay-type":"","overlay-color":"","overlay-opacity":"","overlay-gradient":""},"mobile":{"background-color":"var(--ast-global-color-5)","background-image":"","background-repeat":"repeat","background-position":"center center","background-size":"auto","background-attachment":"scroll","background-type":"","background-media":"","overlay-type":"","overlay-color":"","overlay-opacity":"","overlay-gradient":""}},"_glsr_average":0,"_glsr_ranking":0,"_glsr_reviews":0},"product_brand":[],"product_cat":[28,47],"product_tag":[63,38,64],"class_list":{"0":"post-1152","1":"product","2":"type-product","3":"status-publish","4":"has-post-thumbnail","6":"product_cat-kingnature","7":"product_cat-verdauung","8":"product_tag-blaehungen","9":"product_tag-darmsanierung","10":"product_tag-verdauungsprobleme","11":"desktop-align-center","12":"tablet-align-left","13":"mobile-align-left","15":"first","16":"instock","17":"shipping-taxable","18":"purchasable","19":"product-type-simple"},"acf":[],"aioseo_notices":[],"jetpack_sharing_enabled":true,"_links":{"self":[{"href":"https:\/\/la-perle.ch\/fr_ch\/wp-json\/wp\/v2\/product\/1152","targetHints":{"allow":["GET"]}}],"collection":[{"href":"https:\/\/la-perle.ch\/fr_ch\/wp-json\/wp\/v2\/product"}],"about":[{"href":"https:\/\/la-perle.ch\/fr_ch\/wp-json\/wp\/v2\/types\/product"}],"replies":[{"embeddable":true,"href":"https:\/\/la-perle.ch\/fr_ch\/wp-json\/wp\/v2\/comments?post=1152"}],"wp:featuredmedia":[{"embeddable":true,"href":"https:\/\/la-perle.ch\/fr_ch\/wp-json\/wp\/v2\/media\/1754"}],"wp:attachment":[{"href":"https:\/\/la-perle.ch\/fr_ch\/wp-json\/wp\/v2\/media?parent=1152"}],"wp:term":[{"taxonomy":"product_brand","embeddable":true,"href":"https:\/\/la-perle.ch\/fr_ch\/wp-json\/wp\/v2\/product_brand?post=1152"},{"taxonomy":"product_cat","embeddable":true,"href":"https:\/\/la-perle.ch\/fr_ch\/wp-json\/wp\/v2\/product_cat?post=1152"},{"taxonomy":"product_tag","embeddable":true,"href":"https:\/\/la-perle.ch\/fr_ch\/wp-json\/wp\/v2\/product_tag?post=1152"}],"curies":[{"name":"wp","href":"https:\/\/api.w.org\/{rel}","templated":true}]}}