{"id":1162,"date":"2022-01-07T14:33:39","date_gmt":"2022-01-07T14:33:39","guid":{"rendered":"https:\/\/la-perle.ch\/produkt\/vino-vida\/"},"modified":"2026-03-26T15:59:19","modified_gmt":"2026-03-26T15:59:19","slug":"vino-vida","status":"publish","type":"product","link":"https:\/\/la-perle.ch\/fr_ch\/shop\/kingnature\/herz-kreislaufsystem\/vino-vida\/","title":{"rendered":"Vino Vida"},"content":{"rendered":"<p>Vino Vida contient un extrait de p\u00e9pins de raisin riche en OPC. Chaque g\u00e9lule contient 305 mg d'extrait de p\u00e9pins de raisin et 35 mg de vitamine C provenant de fruits d'ac\u00e9rola. Les p\u00e9pins de raisin, en particulier, ont une teneur remarquable en OPC (\u00a0<a href=\"http:\/\/www.wikiphyto.org\/wiki\/Oligomres_proanthocyanidoliques\" target=\"_blank\" rel=\"noopener\">Proanthocyanidines oligom\u00e8res<\/a>) et <a href=\"https:\/\/fr.wikipedia.org\/wiki\/Polyphnol\" target=\"_blank\" rel=\"noopener\">Polyph\u00e9nols<\/a> par rapport \u00e0 d'autres fruits. Gr\u00e2ce \u00e0 sa teneur en vitamine C, Vino Vida aide \u00e0 prot\u00e9ger les cellules contre le stress oxydatif et contribue \u00e0 r\u00e9duire la fatigue et l'\u00e9puisement. Contenu net : 49 g.<\/p>","protected":false},"excerpt":{"rendered":"<p>Vino Vida contient un extrait de p\u00e9pins de raisin riche en OPC. Chaque g\u00e9lule contient 305 mg d'extrait de p\u00e9pins de raisin et 35 mg de vitamine C provenant de fruits d'ac\u00e9rola. Les p\u00e9pins de raisin, en particulier, ont une teneur remarquable en OPC (\u00a0<a href=\"http:\/\/www.wikiphyto.org\/wiki\/Oligomres_proanthocyanidoliques\" target=\"_blank\" rel=\"noopener\">Proanthocyanidines oligom\u00e8res<\/a>) et <a href=\"https:\/\/fr.wikipedia.org\/wiki\/Polyphnol\" target=\"_blank\" rel=\"noopener\">Polyph\u00e9nols<\/a> par rapport aux autres fruits. Gr\u00e2ce \u00e0 sa quantit\u00e9 de vitamine C, Vino Vida prot\u00e8ge les cellules du stress oxydatif et r\u00e9duit la fatigue et la lassitude. Contenu net 49 g.<\/p>","protected":false},"featured_media":4686,"comment_status":"open","ping_status":"closed","template":"","meta":{"_acf_changed":false,"site-sidebar-layout":"default","site-content-layout":"default","ast-site-content-layout":"default","site-content-style":"default","site-sidebar-style":"default","ast-global-header-display":"","ast-banner-title-visibility":"","ast-main-header-display":"","ast-hfb-above-header-display":"","ast-hfb-below-header-display":"","ast-hfb-mobile-header-display":"","site-post-title":"","ast-breadcrumbs-content":"","ast-featured-img":"","footer-sml-layout":"","theme-transparent-header-meta":"default","adv-header-id-meta":"","stick-header-meta":"","header-above-stick-meta":"","header-main-stick-meta":"","header-below-stick-meta":"","astra-migrate-meta-layouts":"set","ast-page-background-enabled":"default","ast-page-background-meta":{"desktop":{"background-color":"var(--ast-global-color-4)","background-image":"","background-repeat":"repeat","background-position":"center center","background-size":"auto","background-attachment":"scroll","background-type":"","background-media":"","overlay-type":"","overlay-color":"","overlay-opacity":"","overlay-gradient":""},"tablet":{"background-color":"","background-image":"","background-repeat":"repeat","background-position":"center center","background-size":"auto","background-attachment":"scroll","background-type":"","background-media":"","overlay-type":"","overlay-color":"","overlay-opacity":"","overlay-gradient":""},"mobile":{"background-color":"","background-image":"","background-repeat":"repeat","background-position":"center center","background-size":"auto","background-attachment":"scroll","background-type":"","background-media":"","overlay-type":"","overlay-color":"","overlay-opacity":"","overlay-gradient":""}},"ast-content-background-meta":{"desktop":{"background-color":"var(--ast-global-color-5)","background-image":"","background-repeat":"repeat","background-position":"center center","background-size":"auto","background-attachment":"scroll","background-type":"","background-media":"","overlay-type":"","overlay-color":"","overlay-opacity":"","overlay-gradient":""},"tablet":{"background-color":"var(--ast-global-color-5)","background-image":"","background-repeat":"repeat","background-position":"center center","background-size":"auto","background-attachment":"scroll","background-type":"","background-media":"","overlay-type":"","overlay-color":"","overlay-opacity":"","overlay-gradient":""},"mobile":{"background-color":"var(--ast-global-color-5)","background-image":"","background-repeat":"repeat","background-position":"center center","background-size":"auto","background-attachment":"scroll","background-type":"","background-media":"","overlay-type":"","overlay-color":"","overlay-opacity":"","overlay-gradient":""}},"_glsr_average":0,"_glsr_ranking":0,"_glsr_reviews":0},"product_brand":[],"product_cat":[50,28],"product_tag":[88],"class_list":{"0":"post-1162","1":"product","2":"type-product","3":"status-publish","4":"has-post-thumbnail","6":"product_cat-herz-kreislaufsystem","7":"product_cat-kingnature","8":"product_tag-krebs","9":"desktop-align-center","10":"tablet-align-left","11":"mobile-align-left","13":"first","14":"instock","15":"shipping-taxable","16":"purchasable","17":"product-type-simple"},"acf":[],"aioseo_notices":[],"jetpack_sharing_enabled":true,"_links":{"self":[{"href":"https:\/\/la-perle.ch\/fr_ch\/wp-json\/wp\/v2\/product\/1162","targetHints":{"allow":["GET"]}}],"collection":[{"href":"https:\/\/la-perle.ch\/fr_ch\/wp-json\/wp\/v2\/product"}],"about":[{"href":"https:\/\/la-perle.ch\/fr_ch\/wp-json\/wp\/v2\/types\/product"}],"replies":[{"embeddable":true,"href":"https:\/\/la-perle.ch\/fr_ch\/wp-json\/wp\/v2\/comments?post=1162"}],"wp:featuredmedia":[{"embeddable":true,"href":"https:\/\/la-perle.ch\/fr_ch\/wp-json\/wp\/v2\/media\/4686"}],"wp:attachment":[{"href":"https:\/\/la-perle.ch\/fr_ch\/wp-json\/wp\/v2\/media?parent=1162"}],"wp:term":[{"taxonomy":"product_brand","embeddable":true,"href":"https:\/\/la-perle.ch\/fr_ch\/wp-json\/wp\/v2\/product_brand?post=1162"},{"taxonomy":"product_cat","embeddable":true,"href":"https:\/\/la-perle.ch\/fr_ch\/wp-json\/wp\/v2\/product_cat?post=1162"},{"taxonomy":"product_tag","embeddable":true,"href":"https:\/\/la-perle.ch\/fr_ch\/wp-json\/wp\/v2\/product_tag?post=1162"}],"curies":[{"name":"wp","href":"https:\/\/api.w.org\/{rel}","templated":true}]}}