{"id":1163,"date":"2022-01-07T14:33:39","date_gmt":"2022-01-07T14:33:39","guid":{"rendered":"https:\/\/la-perle.ch\/produkt\/vitality-shot\/"},"modified":"2026-04-03T07:13:45","modified_gmt":"2026-04-03T07:13:45","slug":"vitality-shot","status":"publish","type":"product","link":"https:\/\/la-perle.ch\/fr_ch\/shop\/kingnature\/grundversorgung\/vitality-shot\/","title":{"rendered":"Vitality Shot"},"content":{"rendered":"<p>30 sticks \u00e0 consommer directement. Contient des min\u00e9raux, des vitamines et des oligo-\u00e9l\u00e9ments pour compl\u00e9ter les besoins quotidiens. Aide le corps dans ses fonctions quotidiennes. Contient les vitamines A, B1, B2, niacine (B3), acide pantoth\u00e9nique (B5), B6, biotine (B7\/B8), acide folique (B9), B12, C, D3 et E ainsi que les min\u00e9raux chrome, fer, cuivre, mangan\u00e8se, calcium, iode, magn\u00e9sium, molybd\u00e8ne, s\u00e9l\u00e9nium et zinc dans le but d'obtenir une biodisponibilit\u00e9 \u00e9lev\u00e9e (gr\u00e2ce \u00e0 la l\u00e9cithine de tournesol). Contient en outre : Extrait de cacao, extrait de racine de r\u00e9glisse et poudre de maca. Sucr\u00e9 avec du xylitol, que l'on trouve naturellement dans le bouleau. Contenu net 90 g.<\/p>\n<h2><strong>Fonctions du Vitality Shot<\/strong><\/h2>\n<ul>\n<li><strong>Pour le m\u00e9tabolisme \u00e9nerg\u00e9tique : <\/strong>Contribue \u00e0 un m\u00e9tabolisme \u00e9nerg\u00e9tique normal (biotine, calcium, fer, iode, cuivre, magn\u00e9sium, mangan\u00e8se, niacine, acide pantoth\u00e9nique, riboflavine, thiamine, vitamine B12, vitamine B6, vitamine C)<\/li>\n<li><strong>Pour le syst\u00e8me nerveux :<\/strong> Contribue au fonctionnement normal du syst\u00e8me nerveux (biotine, iode, cuivre, magn\u00e9sium, niacine, riboflavine, thiamine, vitamine B12, vitamine B6, vitamine C).<\/li>\n<li><strong>Pour le psychisme :<\/strong> Contribue au fonctionnement normal du syst\u00e8me nerveux (biotine, folate, magn\u00e9sium, niacine, thiamine, vitamine B12, vitamine B6, vitamine C).<\/li>\n<li><strong>Pour le syst\u00e8me immunitaire :<\/strong> Contribue au fonctionnement normal du syst\u00e8me immunitaire (fer, folate, cuivre, s\u00e9l\u00e9nium, vitamine A, vitamine B12, vitamine B6, vitamine C, vitamine D, zinc).<\/li>\n<li><strong>Pour les performances c\u00e9r\u00e9brales :<\/strong> Contribue \u00e0 une fonction cognitive normale (fer, iode, zinc) et \u00e0 des performances intellectuelles normales (acide pantoth\u00e9nique).<\/li>\n<li><strong>Pour une protection contre le stress oxydatif :<\/strong> Contribue \u00e0 prot\u00e9ger les cellules contre le stress oxydatif (cuivre, mangan\u00e8se, riboflavine, s\u00e9l\u00e9nium, vitamine C, vitamine E, zinc).<\/li>\n<li><strong>Pour le c\u0153ur :<\/strong> Contribue \u00e0 une fonction cardiaque normale (thiamine).<\/li>\n<\/ul>","protected":false},"excerpt":{"rendered":"<p>30 sticks \u00e0 consommer directement. Contient des min\u00e9raux, des vitamines et des oligo-\u00e9l\u00e9ments pour compl\u00e9ter les besoins quotidiens. Aide le corps dans ses fonctions quotidiennes. Contient les vitamines A, B1, B2, niacine (B3), acide pantoth\u00e9nique (B5), B6, biotine (B7\/B8), acide folique (B9), B12, C, D3 et E ainsi que les min\u00e9raux chrome, fer, cuivre, mangan\u00e8se, calcium, iode, magn\u00e9sium, molybd\u00e8ne, s\u00e9l\u00e9nium et zinc dans le but d'obtenir une biodisponibilit\u00e9 \u00e9lev\u00e9e (gr\u00e2ce \u00e0 la l\u00e9cithine de tournesol). Contient en outre : Extrait de cacao, extrait de racine de r\u00e9glisse et poudre de maca. Sucr\u00e9 avec du xylitol, que l'on trouve naturellement dans le bouleau. Contenu net 90 g.<\/p>","protected":false},"featured_media":1805,"comment_status":"open","ping_status":"closed","template":"","meta":{"_acf_changed":false,"site-sidebar-layout":"default","site-content-layout":"default","ast-site-content-layout":"default","site-content-style":"default","site-sidebar-style":"default","ast-global-header-display":"","ast-banner-title-visibility":"","ast-main-header-display":"","ast-hfb-above-header-display":"","ast-hfb-below-header-display":"","ast-hfb-mobile-header-display":"","site-post-title":"","ast-breadcrumbs-content":"","ast-featured-img":"","footer-sml-layout":"","theme-transparent-header-meta":"default","adv-header-id-meta":"","stick-header-meta":"","header-above-stick-meta":"","header-main-stick-meta":"","header-below-stick-meta":"","astra-migrate-meta-layouts":"set","ast-page-background-enabled":"default","ast-page-background-meta":{"desktop":{"background-color":"var(--ast-global-color-4)","background-image":"","background-repeat":"repeat","background-position":"center center","background-size":"auto","background-attachment":"scroll","background-type":"","background-media":"","overlay-type":"","overlay-color":"","overlay-opacity":"","overlay-gradient":""},"tablet":{"background-color":"","background-image":"","background-repeat":"repeat","background-position":"center center","background-size":"auto","background-attachment":"scroll","background-type":"","background-media":"","overlay-type":"","overlay-color":"","overlay-opacity":"","overlay-gradient":""},"mobile":{"background-color":"","background-image":"","background-repeat":"repeat","background-position":"center center","background-size":"auto","background-attachment":"scroll","background-type":"","background-media":"","overlay-type":"","overlay-color":"","overlay-opacity":"","overlay-gradient":""}},"ast-content-background-meta":{"desktop":{"background-color":"var(--ast-global-color-5)","background-image":"","background-repeat":"repeat","background-position":"center center","background-size":"auto","background-attachment":"scroll","background-type":"","background-media":"","overlay-type":"","overlay-color":"","overlay-opacity":"","overlay-gradient":""},"tablet":{"background-color":"var(--ast-global-color-5)","background-image":"","background-repeat":"repeat","background-position":"center center","background-size":"auto","background-attachment":"scroll","background-type":"","background-media":"","overlay-type":"","overlay-color":"","overlay-opacity":"","overlay-gradient":""},"mobile":{"background-color":"var(--ast-global-color-5)","background-image":"","background-repeat":"repeat","background-position":"center center","background-size":"auto","background-attachment":"scroll","background-type":"","background-media":"","overlay-type":"","overlay-color":"","overlay-opacity":"","overlay-gradient":""}},"_glsr_average":0,"_glsr_ranking":0,"_glsr_reviews":0},"product_brand":[],"product_cat":[51,28,48],"product_tag":[],"class_list":{"0":"post-1163","1":"product","2":"type-product","3":"status-publish","4":"has-post-thumbnail","6":"product_cat-grundversorgung","7":"product_cat-kingnature","8":"product_cat-kognitive-leistung","9":"desktop-align-center","10":"tablet-align-left","11":"mobile-align-left","13":"first","14":"instock","15":"shipping-taxable","16":"purchasable","17":"product-type-simple"},"acf":[],"aioseo_notices":[],"jetpack_sharing_enabled":true,"_links":{"self":[{"href":"https:\/\/la-perle.ch\/fr_ch\/wp-json\/wp\/v2\/product\/1163","targetHints":{"allow":["GET"]}}],"collection":[{"href":"https:\/\/la-perle.ch\/fr_ch\/wp-json\/wp\/v2\/product"}],"about":[{"href":"https:\/\/la-perle.ch\/fr_ch\/wp-json\/wp\/v2\/types\/product"}],"replies":[{"embeddable":true,"href":"https:\/\/la-perle.ch\/fr_ch\/wp-json\/wp\/v2\/comments?post=1163"}],"wp:featuredmedia":[{"embeddable":true,"href":"https:\/\/la-perle.ch\/fr_ch\/wp-json\/wp\/v2\/media\/1805"}],"wp:attachment":[{"href":"https:\/\/la-perle.ch\/fr_ch\/wp-json\/wp\/v2\/media?parent=1163"}],"wp:term":[{"taxonomy":"product_brand","embeddable":true,"href":"https:\/\/la-perle.ch\/fr_ch\/wp-json\/wp\/v2\/product_brand?post=1163"},{"taxonomy":"product_cat","embeddable":true,"href":"https:\/\/la-perle.ch\/fr_ch\/wp-json\/wp\/v2\/product_cat?post=1163"},{"taxonomy":"product_tag","embeddable":true,"href":"https:\/\/la-perle.ch\/fr_ch\/wp-json\/wp\/v2\/product_tag?post=1163"}],"curies":[{"name":"wp","href":"https:\/\/api.w.org\/{rel}","templated":true}]}}