{"id":1597,"date":"2022-03-02T09:30:31","date_gmt":"2022-03-02T09:30:31","guid":{"rendered":"https:\/\/la-perle.ch\/?post_type=product&#038;p=1597"},"modified":"2026-03-26T15:34:03","modified_gmt":"2026-03-26T15:34:03","slug":"hydrating-skin-lotion","status":"publish","type":"product","link":"https:\/\/la-perle.ch\/fr_ch\/shop\/kingnature\/naturkosmetik\/hydrating-skin-lotion\/","title":{"rendered":"Hydrating Skin Lotion"},"content":{"rendered":"<p>Soin hydratant intensif pour les peaux irrit\u00e9es et s\u00e8ches. P\u00e9n\u00e8tre en profondeur dans la peau, l'hydrate et la soigne durablement, renforce la barri\u00e8re protectrice de la peau (Skin Repair Effect). Sans \u00e9mulsifiants synth\u00e9tiques (pas d'effet Wash-Out). Contient SLM ECO\u00ae, Hydro-Gain\u00ae, huile de jojoba, beurre de mangue, huile d'amande, D-panth\u00e9nol et alpha-bisabolol. Produit cosm\u00e9tique naturel innovant. Le produit a \u00e9t\u00e9 test\u00e9 dermatologiquement et son efficacit\u00e9 a \u00e9t\u00e9 confirm\u00e9e cliniquement. Contenu net : 200 ml.<\/p>","protected":false},"excerpt":{"rendered":"<p>Intensive Feuchtigkeistpflege bei gereizter und trockener Haut. Dringt tief in die Haut ein, befeuchtet und pflegt sie nachhaltig st\u00e4rkt die Hautschutzbarriere (\u201cSkin Repair Effect\u201d). Ohne synthetische Emulgatoren (kein \u201cWash Out Effect\u201d). Beinhaltet SLM ECO\u00ae, Hydro-Gain\u00ae, Jojoba\u00f6l, Mangobutter, Mandel\u00f6l, D-Panthenol und \u03b1-Bisabolol. Innovative Naturkosmetik. Das Produkt wurde dermatologisch getestet und die Wirkung klinisch best\u00e4tigt. Nettoinhalt 200 ml.<\/p>","protected":false},"featured_media":4682,"comment_status":"open","ping_status":"closed","template":"","meta":{"_acf_changed":false,"site-sidebar-layout":"default","site-content-layout":"default","ast-site-content-layout":"default","site-content-style":"default","site-sidebar-style":"default","ast-global-header-display":"","ast-banner-title-visibility":"","ast-main-header-display":"","ast-hfb-above-header-display":"","ast-hfb-below-header-display":"","ast-hfb-mobile-header-display":"","site-post-title":"","ast-breadcrumbs-content":"","ast-featured-img":"","footer-sml-layout":"","theme-transparent-header-meta":"default","adv-header-id-meta":"","stick-header-meta":"","header-above-stick-meta":"","header-main-stick-meta":"","header-below-stick-meta":"","astra-migrate-meta-layouts":"set","ast-page-background-enabled":"default","ast-page-background-meta":{"desktop":{"background-color":"var(--ast-global-color-4)","background-image":"","background-repeat":"repeat","background-position":"center center","background-size":"auto","background-attachment":"scroll","background-type":"","background-media":"","overlay-type":"","overlay-color":"","overlay-opacity":"","overlay-gradient":""},"tablet":{"background-color":"","background-image":"","background-repeat":"repeat","background-position":"center center","background-size":"auto","background-attachment":"scroll","background-type":"","background-media":"","overlay-type":"","overlay-color":"","overlay-opacity":"","overlay-gradient":""},"mobile":{"background-color":"","background-image":"","background-repeat":"repeat","background-position":"center center","background-size":"auto","background-attachment":"scroll","background-type":"","background-media":"","overlay-type":"","overlay-color":"","overlay-opacity":"","overlay-gradient":""}},"ast-content-background-meta":{"desktop":{"background-color":"var(--ast-global-color-5)","background-image":"","background-repeat":"repeat","background-position":"center center","background-size":"auto","background-attachment":"scroll","background-type":"","background-media":"","overlay-type":"","overlay-color":"","overlay-opacity":"","overlay-gradient":""},"tablet":{"background-color":"var(--ast-global-color-5)","background-image":"","background-repeat":"repeat","background-position":"center center","background-size":"auto","background-attachment":"scroll","background-type":"","background-media":"","overlay-type":"","overlay-color":"","overlay-opacity":"","overlay-gradient":""},"mobile":{"background-color":"var(--ast-global-color-5)","background-image":"","background-repeat":"repeat","background-position":"center center","background-size":"auto","background-attachment":"scroll","background-type":"","background-media":"","overlay-type":"","overlay-color":"","overlay-opacity":"","overlay-gradient":""}},"_glsr_average":0,"_glsr_ranking":0,"_glsr_reviews":0},"product_brand":[],"product_cat":[28,49],"product_tag":[],"class_list":{"0":"post-1597","1":"product","2":"type-product","3":"status-publish","4":"has-post-thumbnail","6":"product_cat-kingnature","7":"product_cat-naturkosmetik","8":"desktop-align-center","9":"tablet-align-left","10":"mobile-align-left","12":"first","13":"instock","14":"shipping-taxable","15":"purchasable","16":"product-type-simple"},"acf":[],"aioseo_notices":[],"jetpack_sharing_enabled":true,"_links":{"self":[{"href":"https:\/\/la-perle.ch\/fr_ch\/wp-json\/wp\/v2\/product\/1597","targetHints":{"allow":["GET"]}}],"collection":[{"href":"https:\/\/la-perle.ch\/fr_ch\/wp-json\/wp\/v2\/product"}],"about":[{"href":"https:\/\/la-perle.ch\/fr_ch\/wp-json\/wp\/v2\/types\/product"}],"replies":[{"embeddable":true,"href":"https:\/\/la-perle.ch\/fr_ch\/wp-json\/wp\/v2\/comments?post=1597"}],"wp:featuredmedia":[{"embeddable":true,"href":"https:\/\/la-perle.ch\/fr_ch\/wp-json\/wp\/v2\/media\/4682"}],"wp:attachment":[{"href":"https:\/\/la-perle.ch\/fr_ch\/wp-json\/wp\/v2\/media?parent=1597"}],"wp:term":[{"taxonomy":"product_brand","embeddable":true,"href":"https:\/\/la-perle.ch\/fr_ch\/wp-json\/wp\/v2\/product_brand?post=1597"},{"taxonomy":"product_cat","embeddable":true,"href":"https:\/\/la-perle.ch\/fr_ch\/wp-json\/wp\/v2\/product_cat?post=1597"},{"taxonomy":"product_tag","embeddable":true,"href":"https:\/\/la-perle.ch\/fr_ch\/wp-json\/wp\/v2\/product_tag?post=1597"}],"curies":[{"name":"wp","href":"https:\/\/api.w.org\/{rel}","templated":true}]}}