{"id":1712,"date":"2022-03-03T08:45:41","date_gmt":"2022-03-03T08:45:41","guid":{"rendered":"https:\/\/la-perle.ch\/?post_type=product&#038;p=1712"},"modified":"2026-04-03T08:32:36","modified_gmt":"2026-04-03T08:32:36","slug":"opc-24-lotion-pour-les-mains","status":"publish","type":"product","link":"https:\/\/la-perle.ch\/fr_ch\/shop\/kingnature\/naturkosmetik\/opc-24-handlotion\/","title":{"rendered":"OPC 24 lotion pour les mains"},"content":{"rendered":"<p>Formule am\u00e9lior\u00e9e : maintenant 100% naturelle ! OPC 24 Lotion pour les mains pour le soin quotidien des mains ab\u00eem\u00e9es. Un cosm\u00e9tique naturel de grande valeur \u00e0 base de mati\u00e8res premi\u00e8res naturelles, dans un emballage \u00e9l\u00e9gant. Avec de l'OPC extrait de p\u00e9pins de raisin (anti-\u00e2ge naturel), de l'huile d'abricot lissante, du beurre de mangue relipidant, de l'huile de macadamia nourrissante, de l'huile de babassu nourrissante et de l'huile d'onagre apaisante. Test\u00e9 dermatologiquement. Flacon de 30 ml : id\u00e9al pour les d\u00e9placements, se glisse dans tous les sacs \u00e0 main.<\/p>\n<p>&nbsp;<\/p>","protected":false},"excerpt":{"rendered":"<p>Formule am\u00e9lior\u00e9e : maintenant 100% naturelle ! OPC 24 Lotion pour les mains pour le soin quotidien des mains ab\u00eem\u00e9es. Un cosm\u00e9tique naturel de grande valeur \u00e0 base de mati\u00e8res premi\u00e8res naturelles, dans un emballage \u00e9l\u00e9gant. Avec de l'OPC extrait de p\u00e9pins de raisin (anti-\u00e2ge naturel), de l'huile d'abricot lissante, du beurre de mangue relipidant, de l'huile de macadamia nourrissante, de l'huile de babassu nourrissante et de l'huile d'onagre apaisante. Test\u00e9 dermatologiquement. Flacon de 30 ml : id\u00e9al pour les d\u00e9placements, se glisse dans tous les sacs \u00e0 main. <b>Bient\u00f4t un nouveau parfum !<\/b><\/p>","protected":false},"featured_media":5332,"comment_status":"open","ping_status":"closed","template":"","meta":{"_acf_changed":false,"site-sidebar-layout":"default","site-content-layout":"default","ast-site-content-layout":"default","site-content-style":"default","site-sidebar-style":"default","ast-global-header-display":"","ast-banner-title-visibility":"","ast-main-header-display":"","ast-hfb-above-header-display":"","ast-hfb-below-header-display":"","ast-hfb-mobile-header-display":"","site-post-title":"","ast-breadcrumbs-content":"","ast-featured-img":"","footer-sml-layout":"","theme-transparent-header-meta":"default","adv-header-id-meta":"","stick-header-meta":"","header-above-stick-meta":"","header-main-stick-meta":"","header-below-stick-meta":"","astra-migrate-meta-layouts":"set","ast-page-background-enabled":"default","ast-page-background-meta":{"desktop":{"background-color":"var(--ast-global-color-4)","background-image":"","background-repeat":"repeat","background-position":"center center","background-size":"auto","background-attachment":"scroll","background-type":"","background-media":"","overlay-type":"","overlay-color":"","overlay-opacity":"","overlay-gradient":""},"tablet":{"background-color":"","background-image":"","background-repeat":"repeat","background-position":"center center","background-size":"auto","background-attachment":"scroll","background-type":"","background-media":"","overlay-type":"","overlay-color":"","overlay-opacity":"","overlay-gradient":""},"mobile":{"background-color":"","background-image":"","background-repeat":"repeat","background-position":"center center","background-size":"auto","background-attachment":"scroll","background-type":"","background-media":"","overlay-type":"","overlay-color":"","overlay-opacity":"","overlay-gradient":""}},"ast-content-background-meta":{"desktop":{"background-color":"var(--ast-global-color-5)","background-image":"","background-repeat":"repeat","background-position":"center center","background-size":"auto","background-attachment":"scroll","background-type":"","background-media":"","overlay-type":"","overlay-color":"","overlay-opacity":"","overlay-gradient":""},"tablet":{"background-color":"var(--ast-global-color-5)","background-image":"","background-repeat":"repeat","background-position":"center center","background-size":"auto","background-attachment":"scroll","background-type":"","background-media":"","overlay-type":"","overlay-color":"","overlay-opacity":"","overlay-gradient":""},"mobile":{"background-color":"var(--ast-global-color-5)","background-image":"","background-repeat":"repeat","background-position":"center center","background-size":"auto","background-attachment":"scroll","background-type":"","background-media":"","overlay-type":"","overlay-color":"","overlay-opacity":"","overlay-gradient":""}},"_glsr_average":0,"_glsr_ranking":0,"_glsr_reviews":0},"product_brand":[],"product_cat":[28,49],"product_tag":[],"class_list":{"0":"post-1712","1":"product","2":"type-product","3":"status-publish","4":"has-post-thumbnail","6":"product_cat-kingnature","7":"product_cat-naturkosmetik","8":"desktop-align-center","9":"tablet-align-left","10":"mobile-align-left","12":"first","13":"instock","14":"shipping-taxable","15":"purchasable","16":"product-type-variable"},"acf":[],"aioseo_notices":[],"jetpack_sharing_enabled":true,"_links":{"self":[{"href":"https:\/\/la-perle.ch\/fr_ch\/wp-json\/wp\/v2\/product\/1712","targetHints":{"allow":["GET"]}}],"collection":[{"href":"https:\/\/la-perle.ch\/fr_ch\/wp-json\/wp\/v2\/product"}],"about":[{"href":"https:\/\/la-perle.ch\/fr_ch\/wp-json\/wp\/v2\/types\/product"}],"replies":[{"embeddable":true,"href":"https:\/\/la-perle.ch\/fr_ch\/wp-json\/wp\/v2\/comments?post=1712"}],"wp:featuredmedia":[{"embeddable":true,"href":"https:\/\/la-perle.ch\/fr_ch\/wp-json\/wp\/v2\/media\/5332"}],"wp:attachment":[{"href":"https:\/\/la-perle.ch\/fr_ch\/wp-json\/wp\/v2\/media?parent=1712"}],"wp:term":[{"taxonomy":"product_brand","embeddable":true,"href":"https:\/\/la-perle.ch\/fr_ch\/wp-json\/wp\/v2\/product_brand?post=1712"},{"taxonomy":"product_cat","embeddable":true,"href":"https:\/\/la-perle.ch\/fr_ch\/wp-json\/wp\/v2\/product_cat?post=1712"},{"taxonomy":"product_tag","embeddable":true,"href":"https:\/\/la-perle.ch\/fr_ch\/wp-json\/wp\/v2\/product_tag?post=1712"}],"curies":[{"name":"wp","href":"https:\/\/api.w.org\/{rel}","templated":true}]}}