{"id":3473,"date":"2022-12-22T08:53:57","date_gmt":"2022-12-22T08:53:57","guid":{"rendered":"https:\/\/la-perle.ch\/?post_type=product&#038;p=3473"},"modified":"2026-04-03T09:55:11","modified_gmt":"2026-04-03T09:55:11","slug":"boite-assainissement-intestinal","status":"publish","type":"product","link":"https:\/\/la-perle.ch\/fr_ch\/shop\/kingnature\/verdauung\/darmsanierung-box\/","title":{"rendered":"Kingnature Bo\u00eete Assainissement Intestinal"},"content":{"rendered":"<p>Ce coffret contient tous les produits n\u00e9cessaires \u00e0 une cure intestinale Kingnature efficace en trois phases. Toxaprevent et Curcuma pour la premi\u00e8re phase. Neovital pour la deuxi\u00e8me phase, et EM-Multiferment et Probiotic Vida pour la derni\u00e8re phase.<\/p>\n<ul>\n<li><a href=\"https:\/\/la-perle.ch\/fr_ch\/shop\/kingnature\/systeme-digestif\/toxaprevent-medi-pure\/\"><strong>Toxaprevent<\/strong><\/a>: Contient de la terre volcanique (clinoptilolite) qui absorbe les toxines telles que l'histamine, les toxines et les m\u00e9taux lourds dans l'intestin. La terre volcanique n'est pas absorb\u00e9e par l'intestin. Les substances toxiques sont \u00e9limin\u00e9es avec la terre volcanique.<\/li>\n<li><a href=\"https:\/\/la-perle.ch\/fr_ch\/shop\/kingnature\/systeme-digestif\/neovital-450-ml\/\"><strong>Neovital<\/strong><\/a>: Contient diff\u00e9rentes vitamines sous forme liposomale. Les diff\u00e9rents ingr\u00e9dients contribuent au bon fonctionnement de la muqueuse intestinale.<\/li>\n<li><a href=\"https:\/\/la-perle.ch\/fr_ch\/shop\/kingnature\/systeme-digestif\/em-multi-ferment\/\"><strong>EM Multi ferment<\/strong><\/a>: Contient environ 20 milliards de bact\u00e9ries vivantes par dose journali\u00e8re, issues de 31 souches bact\u00e9riennes et de 26 plantes ferment\u00e9es.<\/li>\n<li><a href=\"https:\/\/la-perle.ch\/fr_ch\/shop\/kingnature\/systeme-digestif\/probiotique-vida\/\"><strong>Probiotic Vida<\/strong><\/a>: Contient des bact\u00e9ries issues de 13 souches diff\u00e9rentes ainsi que des fibres alimentaires.<\/li>\n<li><a href=\"https:\/\/la-perle.ch\/fr_ch\/shop\/kingnature\/systeme-digestif\/curcuma-vida-bio\/\"><strong>Kurkuma Vida<\/strong><\/a>: Contient du curcuma, de l'extrait de th\u00e9 vert et du poivre.<\/li>\n<\/ul>\n<p><strong>Pour ton assainissement intestinal Kingnature, composes un paquet individuel \u00e0 partir de tous les produits et profites d'un rabais.<\/strong><\/p>","protected":false},"excerpt":{"rendered":"<p>Diese Box enth\u00e4lt alle Produkte f\u00fcr eine effektive Darmsanierung in drei Phasen. <a href=\"https:\/\/la-perle.ch\/fr_ch\/shop\/kingnature\/systeme-digestif\/toxaprevent-medi-pure\/\">Toxaprevent<\/a> et <a href=\"https:\/\/la-perle.ch\/fr_ch\/shop\/kingnature\/systeme-digestif\/curcuma-vida-bio\/\">Curcuma<\/a> f\u00fcr die erste Phase der Entgiftung und Entz\u00fcndungshemmung. <a href=\"https:\/\/la-perle.ch\/fr_ch\/shop\/kingnature\/systeme-digestif\/neovital-450-ml\/\">Neovital<\/a> f\u00fcr die Reparatur und Wiederaufbau der Darmschleimhaut. <a href=\"https:\/\/la-perle.ch\/fr_ch\/shop\/kingnature\/systeme-digestif\/em-multi-ferment\/\">EM Multi ferment<\/a> et <a href=\"https:\/\/la-perle.ch\/fr_ch\/shop\/kingnature\/systeme-digestif\/probiotique-vida\/\">Probiotic Vida<\/a> f\u00fcr den Wiederaufbau des Mikrobioms.<\/p>\n<p><strong>Stelle f\u00fcr deine Darmsanierung eine individuelle Box aus allen Produkten zusammen und profitiere von einem Rabatt.<\/strong><\/p>","protected":false},"featured_media":3474,"comment_status":"open","ping_status":"closed","template":"","meta":{"_acf_changed":false,"site-sidebar-layout":"default","site-content-layout":"default","ast-site-content-layout":"default","site-content-style":"default","site-sidebar-style":"default","ast-global-header-display":"","ast-banner-title-visibility":"","ast-main-header-display":"","ast-hfb-above-header-display":"","ast-hfb-below-header-display":"","ast-hfb-mobile-header-display":"","site-post-title":"","ast-breadcrumbs-content":"","ast-featured-img":"","footer-sml-layout":"","theme-transparent-header-meta":"default","adv-header-id-meta":"","stick-header-meta":"","header-above-stick-meta":"","header-main-stick-meta":"","header-below-stick-meta":"","astra-migrate-meta-layouts":"set","ast-page-background-enabled":"default","ast-page-background-meta":{"desktop":{"background-color":"var(--ast-global-color-4)","background-image":"","background-repeat":"repeat","background-position":"center center","background-size":"auto","background-attachment":"scroll","background-type":"","background-media":"","overlay-type":"","overlay-color":"","overlay-opacity":"","overlay-gradient":""},"tablet":{"background-color":"","background-image":"","background-repeat":"repeat","background-position":"center center","background-size":"auto","background-attachment":"scroll","background-type":"","background-media":"","overlay-type":"","overlay-color":"","overlay-opacity":"","overlay-gradient":""},"mobile":{"background-color":"","background-image":"","background-repeat":"repeat","background-position":"center center","background-size":"auto","background-attachment":"scroll","background-type":"","background-media":"","overlay-type":"","overlay-color":"","overlay-opacity":"","overlay-gradient":""}},"ast-content-background-meta":{"desktop":{"background-color":"var(--ast-global-color-5)","background-image":"","background-repeat":"repeat","background-position":"center center","background-size":"auto","background-attachment":"scroll","background-type":"","background-media":"","overlay-type":"","overlay-color":"","overlay-opacity":"","overlay-gradient":""},"tablet":{"background-color":"var(--ast-global-color-5)","background-image":"","background-repeat":"repeat","background-position":"center center","background-size":"auto","background-attachment":"scroll","background-type":"","background-media":"","overlay-type":"","overlay-color":"","overlay-opacity":"","overlay-gradient":""},"mobile":{"background-color":"var(--ast-global-color-5)","background-image":"","background-repeat":"repeat","background-position":"center center","background-size":"auto","background-attachment":"scroll","background-type":"","background-media":"","overlay-type":"","overlay-color":"","overlay-opacity":"","overlay-gradient":""}},"_glsr_average":0,"_glsr_ranking":0,"_glsr_reviews":0},"product_brand":[],"product_cat":[28,47],"product_tag":[38],"class_list":{"0":"post-3473","1":"product","2":"type-product","3":"status-publish","4":"has-post-thumbnail","6":"product_cat-kingnature","7":"product_cat-verdauung","8":"product_tag-darmsanierung","9":"desktop-align-center","10":"tablet-align-left","11":"mobile-align-left","13":"first","14":"instock","15":"sale","16":"shipping-taxable","17":"purchasable","18":"product-type-woosb"},"acf":[],"aioseo_notices":[],"jetpack_sharing_enabled":true,"_links":{"self":[{"href":"https:\/\/la-perle.ch\/fr_ch\/wp-json\/wp\/v2\/product\/3473","targetHints":{"allow":["GET"]}}],"collection":[{"href":"https:\/\/la-perle.ch\/fr_ch\/wp-json\/wp\/v2\/product"}],"about":[{"href":"https:\/\/la-perle.ch\/fr_ch\/wp-json\/wp\/v2\/types\/product"}],"replies":[{"embeddable":true,"href":"https:\/\/la-perle.ch\/fr_ch\/wp-json\/wp\/v2\/comments?post=3473"}],"wp:featuredmedia":[{"embeddable":true,"href":"https:\/\/la-perle.ch\/fr_ch\/wp-json\/wp\/v2\/media\/3474"}],"wp:attachment":[{"href":"https:\/\/la-perle.ch\/fr_ch\/wp-json\/wp\/v2\/media?parent=3473"}],"wp:term":[{"taxonomy":"product_brand","embeddable":true,"href":"https:\/\/la-perle.ch\/fr_ch\/wp-json\/wp\/v2\/product_brand?post=3473"},{"taxonomy":"product_cat","embeddable":true,"href":"https:\/\/la-perle.ch\/fr_ch\/wp-json\/wp\/v2\/product_cat?post=3473"},{"taxonomy":"product_tag","embeddable":true,"href":"https:\/\/la-perle.ch\/fr_ch\/wp-json\/wp\/v2\/product_tag?post=3473"}],"curies":[{"name":"wp","href":"https:\/\/api.w.org\/{rel}","templated":true}]}}