{"id":3506,"date":"2022-12-27T17:15:37","date_gmt":"2022-12-27T17:15:37","guid":{"rendered":"https:\/\/la-perle.ch\/?post_type=product&#038;p=3506"},"modified":"2026-04-03T07:49:13","modified_gmt":"2026-04-03T07:49:13","slug":"boite-systeme-immunitaire","status":"publish","type":"product","link":"https:\/\/la-perle.ch\/fr_ch\/shop\/kingnature\/grundversorgung\/immunsystem-box\/","title":{"rendered":"Bo\u00eete Syst\u00e8me Immunitaire"},"content":{"rendered":"<p>Ce coffret contient les produits essentiels qui contribuent au bon fonctionnement du syst\u00e8me immunitaire.<\/p>\n<ul>\n<li><a href=\"https:\/\/la-perle.ch\/fr_ch\/shop\/kingnature\/systeme-immunitaire\/vitamine-d3-vida\/\"><strong>Vitamine D3 Vida<\/strong><\/a>: Cette vitamine est l'un des nutriments essentiels qui contribue au bon fonctionnement du syst\u00e8me immunitaire. Elle contribue au maintien d'un taux normal de calcium dans le sang, ainsi qu'\u00e0 la sant\u00e9 des os, au bon fonctionnement des muscles et \u00e0 la sant\u00e9 dentaire. De nombreuses personnes en Europe pr\u00e9sentent une carence en vitamine D.<\/li>\n<li><strong><a href=\"https:\/\/la-perle.ch\/fr_ch\/shop\/kingnature\/performance-cognitive\/omega-3-vida\/\">Omega-3 Vida<\/a>, <a href=\"https:\/\/la-perle.ch\/fr_ch\/shop\/kingnature\/performance-cognitive\/krill-vida\/\">Krill Vida<\/a>, <a href=\"https:\/\/la-perle.ch\/fr_ch\/shop\/kingnature\/grundversorgung\/omega-3-vegan\/\">Omega-3 Vegan<\/a><\/strong>: Cet acide gras essentiel joue un r\u00f4le important dans le syst\u00e8me immunitaire. Un apport suffisant a un effet positif sur le nombre de cellules immunitaires. Les om\u00e9ga-3 contribuent \u00e9galement \u00e0 r\u00e9guler les r\u00e9actions inflammatoires. Le r\u00e9gime alimentaire d'Europe centrale ne comprend pas beaucoup de poisson ni de fruits de mer, ce qui explique pourquoi de nombreuses personnes pr\u00e9sentent une carence en om\u00e9ga-3.<\/li>\n<li><a href=\"https:\/\/la-perle.ch\/fr_ch\/shop\/kingnature\/soins-de-base\/magnesium-vida\/\"><strong>Magn\u00e9sium Vida<\/strong><\/a>: Ce min\u00e9ral contribue au bon fonctionnement du syst\u00e8me immunitaire. Le magn\u00e9sium contribue \u00e9galement au bon fonctionnement psychique, au maintien d'une ossature et d'une dentition normales, ainsi qu'\u00e0 une fonction musculaire normale. Une carence en magn\u00e9sium est difficile \u00e0 d\u00e9tecter, mais de nombreux \u00e9l\u00e9ments indiquent qu'elle est fr\u00e9quente.<\/li>\n<\/ul>\n<p><strong>Compose ton pack individuel pour l'approvisionnement de base du syst\u00e8me immunitaire et profite d'un rabais.<\/strong><\/p>","protected":false},"excerpt":{"rendered":"<p>Cette bo\u00eete contient les trois produits pour un apport de base optimal du syst\u00e8me immunitaire. <a href=\"https:\/\/la-perle.ch\/fr_ch\/shop\/kingnature\/systeme-immunitaire\/vitamine-d3-vida\/\">Vitamine D3 Vida<\/a>: Das Vitamin ist der wichtigste Vitalstoff zur St\u00e4rkung des Immunsystems. <a href=\"https:\/\/la-perle.ch\/fr_ch\/shop\/kingnature\/performance-cognitive\/omega-3-vida\/\">Omega-3 Vida<\/a>, <a href=\"https:\/\/la-perle.ch\/fr_ch\/shop\/kingnature\/performance-cognitive\/krill-vida\/\">Krill Vida<\/a>, <a href=\"https:\/\/la-perle.ch\/fr_ch\/shop\/kingnature\/grundversorgung\/omega-3-vegan\/\">Omega-3 Vegan<\/a>: Die essentielle Fetts\u00e4ure hat wichtige Funktionen im Immunsystem. <a href=\"https:\/\/la-perle.ch\/fr_ch\/shop\/kingnature\/soins-de-base\/magnesium-vida\/\">Magn\u00e9sium Vida<\/a>: Der Mineralstoff hilft \u00dcberreaktionen des Immunsystems vorzubeugen.<\/p>\n<p><strong>Compose ton pack individuel pour l'approvisionnement de base du syst\u00e8me immunitaire et profite d'un rabais.<\/strong><\/p>","protected":false},"featured_media":3507,"comment_status":"open","ping_status":"closed","template":"","meta":{"_acf_changed":false,"site-sidebar-layout":"default","site-content-layout":"default","ast-site-content-layout":"default","site-content-style":"default","site-sidebar-style":"default","ast-global-header-display":"","ast-banner-title-visibility":"","ast-main-header-display":"","ast-hfb-above-header-display":"","ast-hfb-below-header-display":"","ast-hfb-mobile-header-display":"","site-post-title":"","ast-breadcrumbs-content":"","ast-featured-img":"","footer-sml-layout":"","theme-transparent-header-meta":"default","adv-header-id-meta":"","stick-header-meta":"","header-above-stick-meta":"","header-main-stick-meta":"","header-below-stick-meta":"","astra-migrate-meta-layouts":"set","ast-page-background-enabled":"default","ast-page-background-meta":{"desktop":{"background-color":"var(--ast-global-color-4)","background-image":"","background-repeat":"repeat","background-position":"center center","background-size":"auto","background-attachment":"scroll","background-type":"","background-media":"","overlay-type":"","overlay-color":"","overlay-opacity":"","overlay-gradient":""},"tablet":{"background-color":"","background-image":"","background-repeat":"repeat","background-position":"center center","background-size":"auto","background-attachment":"scroll","background-type":"","background-media":"","overlay-type":"","overlay-color":"","overlay-opacity":"","overlay-gradient":""},"mobile":{"background-color":"","background-image":"","background-repeat":"repeat","background-position":"center center","background-size":"auto","background-attachment":"scroll","background-type":"","background-media":"","overlay-type":"","overlay-color":"","overlay-opacity":"","overlay-gradient":""}},"ast-content-background-meta":{"desktop":{"background-color":"var(--ast-global-color-5)","background-image":"","background-repeat":"repeat","background-position":"center center","background-size":"auto","background-attachment":"scroll","background-type":"","background-media":"","overlay-type":"","overlay-color":"","overlay-opacity":"","overlay-gradient":""},"tablet":{"background-color":"var(--ast-global-color-5)","background-image":"","background-repeat":"repeat","background-position":"center center","background-size":"auto","background-attachment":"scroll","background-type":"","background-media":"","overlay-type":"","overlay-color":"","overlay-opacity":"","overlay-gradient":""},"mobile":{"background-color":"var(--ast-global-color-5)","background-image":"","background-repeat":"repeat","background-position":"center center","background-size":"auto","background-attachment":"scroll","background-type":"","background-media":"","overlay-type":"","overlay-color":"","overlay-opacity":"","overlay-gradient":""}},"_glsr_average":0,"_glsr_ranking":0,"_glsr_reviews":0},"product_brand":[],"product_cat":[51,46,28],"product_tag":[126,39],"class_list":{"0":"post-3506","1":"product","2":"type-product","3":"status-publish","4":"has-post-thumbnail","6":"product_cat-grundversorgung","7":"product_cat-immun","8":"product_cat-kingnature","9":"product_tag-immunsystem-box","10":"product_tag-immunsystem-staerken","11":"desktop-align-center","12":"tablet-align-left","13":"mobile-align-left","15":"first","16":"instock","17":"sale","18":"shipping-taxable","19":"purchasable","20":"product-type-woosb"},"acf":[],"aioseo_notices":[],"jetpack_sharing_enabled":true,"_links":{"self":[{"href":"https:\/\/la-perle.ch\/fr_ch\/wp-json\/wp\/v2\/product\/3506","targetHints":{"allow":["GET"]}}],"collection":[{"href":"https:\/\/la-perle.ch\/fr_ch\/wp-json\/wp\/v2\/product"}],"about":[{"href":"https:\/\/la-perle.ch\/fr_ch\/wp-json\/wp\/v2\/types\/product"}],"replies":[{"embeddable":true,"href":"https:\/\/la-perle.ch\/fr_ch\/wp-json\/wp\/v2\/comments?post=3506"}],"wp:featuredmedia":[{"embeddable":true,"href":"https:\/\/la-perle.ch\/fr_ch\/wp-json\/wp\/v2\/media\/3507"}],"wp:attachment":[{"href":"https:\/\/la-perle.ch\/fr_ch\/wp-json\/wp\/v2\/media?parent=3506"}],"wp:term":[{"taxonomy":"product_brand","embeddable":true,"href":"https:\/\/la-perle.ch\/fr_ch\/wp-json\/wp\/v2\/product_brand?post=3506"},{"taxonomy":"product_cat","embeddable":true,"href":"https:\/\/la-perle.ch\/fr_ch\/wp-json\/wp\/v2\/product_cat?post=3506"},{"taxonomy":"product_tag","embeddable":true,"href":"https:\/\/la-perle.ch\/fr_ch\/wp-json\/wp\/v2\/product_tag?post=3506"}],"curies":[{"name":"wp","href":"https:\/\/api.w.org\/{rel}","templated":true}]}}