{"id":3823,"date":"2023-06-08T09:46:33","date_gmt":"2023-06-08T09:46:33","guid":{"rendered":"https:\/\/la-perle.ch\/?post_type=product&#038;p=3823"},"modified":"2026-04-03T10:00:02","modified_gmt":"2026-04-03T10:00:02","slug":"boite-renforcer-les-os-2","status":"publish","type":"product","link":"https:\/\/la-perle.ch\/fr_ch\/shop\/kingnature\/gelenke-knochen\/knochen-staerken-box\/","title":{"rendered":"Bo\u00eete Renforcer les Os"},"content":{"rendered":"<p>Diese Box enth\u00e4lt alle Produkte, welche zum Erhalt starken Knochen beitragen. Vitamin D3, Vitamin K2 und Magnesium sind aufeinander abgestimmt und erg\u00e4nzen einander optimal um zum Erhalt normaler Knochen beizutragen. Die Kombination der drei Vitalstoffe ist essentiell f\u00fcr ein ausgeglichener Auf- und Abbau der Knochensubstanz, sowie die Versorgung der Zellen in den Knochen. Vitamin D3, Vitamin K2 und Magnesium sind essentiell f\u00fcr alle die ihre Knochen st\u00e4rken m\u00f6chten.<\/p>\n<ul>\n<li><a href=\"https:\/\/la-perle.ch\/fr_ch\/shop\/kingnature\/systeme-immunitaire\/vitamine-d3-vida\/\"><strong>Vitamine D3<\/strong><\/a>: contr\u00f4le l'\u00e9quilibre du calcium et du phosphore dans le corps. Une carence en vitamine D3 entra\u00eene une r\u00e9duction des cellules productrices d'os.<\/li>\n<li><a href=\"https:\/\/la-perle.ch\/fr_ch\/shop\/kingnature\/articulations-os\/vitamine-k2-vida\/\"><strong>Vitamine K2<\/strong><\/a>: active l'ost\u00e9ocalcine pour la formation osseuse et emp\u00eache la r\u00e9sorption osseuse. Active les prot\u00e9ines Gla contre le d\u00e9p\u00f4t de calcium dans les vaisseaux sanguins.<\/li>\n<li><strong><a href=\"https:\/\/la-perle.ch\/fr_ch\/shop\/kingnature\/soins-de-base\/magnesium-vida\/\">Magn\u00e9sium<\/a><\/strong>: Steuert die Einlagerung von Calcium in den Zellen.<\/li>\n<li>(optionnel) <a href=\"https:\/\/la-perle.ch\/fr_ch\/shop\/kingnature\/soins-de-base\/calcium-shot\/\"><strong>Calcium Shot<\/strong><\/a>: Le calcium est la substance fondamentale des os et des dents.<\/li>\n<\/ul>\n<p><strong>Pour des os solides, le maintien ou la reconstruction des os, compose ta bo\u00eete individuelle \u00e0 partir de tous les produits et profite d'une r\u00e9duction.<\/strong><\/p>","protected":false},"excerpt":{"rendered":"<p>Cette bo\u00eete contient tous les produits pour des os solides. La vitamine D3, la vitamine K2 et le magn\u00e9sium sont adapt\u00e9s les uns aux autres et se compl\u00e8tent de mani\u00e8re optimale pour une formation osseuse saine, le maintien des os et le m\u00e9tabolisme osseux. La combinaison des trois substances vitales est essentielle pour une formation et une d\u00e9gradation \u00e9quilibr\u00e9es de la substance osseuse, ainsi que pour l'approvisionnement des cellules dans les os. La vitamine D3, la vitamine K2 et le magn\u00e9sium sont essentiels pour tous ceux qui souhaitent renforcer les os. <a href=\"https:\/\/la-perle.ch\/fr_ch\/shop\/kingnature\/systeme-immunitaire\/vitamine-d3-vida\/\"><strong>Vitamine D3<\/strong><\/a> steuert den Calcium und Phosphor-Haushalt im K\u00f6rper. Ein Mangel an Vitamin D3 f\u00fchrt zur Reduktion der knochenbildenden Zellen. <a href=\"https:\/\/la-perle.ch\/fr_ch\/shop\/kingnature\/articulations-os\/vitamine-k2-vida\/\"><strong>Vitamine K2<\/strong><\/a> aktiviert Osteocalcin f\u00fcr den Knochenaufbau und verhindert den Knochenabbau und aktiviert Gla-Proteine gegen die Ablagerung von Calcium in den Blutgef\u00e4ssen. <strong><a href=\"https:\/\/la-perle.ch\/fr_ch\/shop\/kingnature\/soins-de-base\/magnesium-vida\/\">Magn\u00e9sium <\/a><\/strong>steuert die Einlagerung von Calcium in den Zellen und f\u00f6rdert so das Einlagern von Calcium in den Knochen und verhindert das Einlagern in Muskeln. Optional kann <a href=\"https:\/\/la-perle.ch\/fr_ch\/shop\/kingnature\/soins-de-base\/calcium-shot\/\"><strong>Calcium Shot<\/strong><\/a> gew\u00e4hlt werden. Calcium ist Grundsubstanz der Knochen und Z\u00e4hne. <strong>Pour des os solides, le maintien ou la reconstruction des os, compose ta bo\u00eete individuelle \u00e0 partir de tous les produits et profite d'une r\u00e9duction.<\/strong><\/p>","protected":false},"featured_media":3827,"comment_status":"open","ping_status":"closed","template":"","meta":{"_acf_changed":false,"site-sidebar-layout":"default","site-content-layout":"default","ast-site-content-layout":"default","site-content-style":"default","site-sidebar-style":"default","ast-global-header-display":"","ast-banner-title-visibility":"","ast-main-header-display":"","ast-hfb-above-header-display":"","ast-hfb-below-header-display":"","ast-hfb-mobile-header-display":"","site-post-title":"","ast-breadcrumbs-content":"","ast-featured-img":"","footer-sml-layout":"","theme-transparent-header-meta":"default","adv-header-id-meta":"","stick-header-meta":"","header-above-stick-meta":"","header-main-stick-meta":"","header-below-stick-meta":"","astra-migrate-meta-layouts":"set","ast-page-background-enabled":"default","ast-page-background-meta":{"desktop":{"background-color":"var(--ast-global-color-4)","background-image":"","background-repeat":"repeat","background-position":"center center","background-size":"auto","background-attachment":"scroll","background-type":"","background-media":"","overlay-type":"","overlay-color":"","overlay-opacity":"","overlay-gradient":""},"tablet":{"background-color":"","background-image":"","background-repeat":"repeat","background-position":"center center","background-size":"auto","background-attachment":"scroll","background-type":"","background-media":"","overlay-type":"","overlay-color":"","overlay-opacity":"","overlay-gradient":""},"mobile":{"background-color":"","background-image":"","background-repeat":"repeat","background-position":"center center","background-size":"auto","background-attachment":"scroll","background-type":"","background-media":"","overlay-type":"","overlay-color":"","overlay-opacity":"","overlay-gradient":""}},"ast-content-background-meta":{"desktop":{"background-color":"var(--ast-global-color-5)","background-image":"","background-repeat":"repeat","background-position":"center center","background-size":"auto","background-attachment":"scroll","background-type":"","background-media":"","overlay-type":"","overlay-color":"","overlay-opacity":"","overlay-gradient":""},"tablet":{"background-color":"var(--ast-global-color-5)","background-image":"","background-repeat":"repeat","background-position":"center center","background-size":"auto","background-attachment":"scroll","background-type":"","background-media":"","overlay-type":"","overlay-color":"","overlay-opacity":"","overlay-gradient":""},"mobile":{"background-color":"var(--ast-global-color-5)","background-image":"","background-repeat":"repeat","background-position":"center center","background-size":"auto","background-attachment":"scroll","background-type":"","background-media":"","overlay-type":"","overlay-color":"","overlay-opacity":"","overlay-gradient":""}},"_glsr_average":0,"_glsr_ranking":0,"_glsr_reviews":0},"product_brand":[],"product_cat":[55,28],"product_tag":[135,136],"class_list":{"0":"post-3823","1":"product","2":"type-product","3":"status-publish","4":"has-post-thumbnail","6":"product_cat-gelenke-knochen","7":"product_cat-kingnature","8":"product_tag-knochenaufbau","9":"product_tag-knochenerhalt","10":"desktop-align-center","11":"tablet-align-left","12":"mobile-align-left","14":"first","15":"instock","16":"sale","17":"shipping-taxable","18":"purchasable","19":"product-type-woosb"},"acf":[],"aioseo_notices":[],"jetpack_sharing_enabled":true,"_links":{"self":[{"href":"https:\/\/la-perle.ch\/fr_ch\/wp-json\/wp\/v2\/product\/3823","targetHints":{"allow":["GET"]}}],"collection":[{"href":"https:\/\/la-perle.ch\/fr_ch\/wp-json\/wp\/v2\/product"}],"about":[{"href":"https:\/\/la-perle.ch\/fr_ch\/wp-json\/wp\/v2\/types\/product"}],"replies":[{"embeddable":true,"href":"https:\/\/la-perle.ch\/fr_ch\/wp-json\/wp\/v2\/comments?post=3823"}],"wp:featuredmedia":[{"embeddable":true,"href":"https:\/\/la-perle.ch\/fr_ch\/wp-json\/wp\/v2\/media\/3827"}],"wp:attachment":[{"href":"https:\/\/la-perle.ch\/fr_ch\/wp-json\/wp\/v2\/media?parent=3823"}],"wp:term":[{"taxonomy":"product_brand","embeddable":true,"href":"https:\/\/la-perle.ch\/fr_ch\/wp-json\/wp\/v2\/product_brand?post=3823"},{"taxonomy":"product_cat","embeddable":true,"href":"https:\/\/la-perle.ch\/fr_ch\/wp-json\/wp\/v2\/product_cat?post=3823"},{"taxonomy":"product_tag","embeddable":true,"href":"https:\/\/la-perle.ch\/fr_ch\/wp-json\/wp\/v2\/product_tag?post=3823"}],"curies":[{"name":"wp","href":"https:\/\/api.w.org\/{rel}","templated":true}]}}