{"id":3882,"date":"2023-07-27T07:00:23","date_gmt":"2023-07-27T07:00:23","guid":{"rendered":"https:\/\/la-perle.ch\/?post_type=product&#038;p=3882"},"modified":"2026-04-03T08:44:56","modified_gmt":"2026-04-03T08:44:56","slug":"boite-grossesse","status":"publish","type":"product","link":"https:\/\/la-perle.ch\/fr_ch\/shop\/kingnature\/grundversorgung\/schwangerschaft-box\/","title":{"rendered":"Bo\u00eete Grossesse"},"content":{"rendered":"<p>Cette bo\u00eete contient toutes les substances vitales pour un excellent approvisionnement pendant la grossesse. Pendant la grossesse, le m\u00e9tabolisme de la m\u00e8re a un besoin accru de fer et d'acides amin\u00e9s. L'acide folique (vitamine B9) est n\u00e9cessaire au bon d\u00e9veloppement du f\u0153tus pendant les trois premiers mois. Om\u00e9ga-3 pour un d\u00e9veloppement sain des fonctions c\u00e9r\u00e9brales, oculaires et cardiovasculaires.<\/p>\n<ul>\n<li><strong><a href=\"https:\/\/la-perle.ch\/fr_ch\/shop\/kingnature\/soins-de-base\/eisen-vida\/\">Eisen (fer) Vida<\/a><\/strong>: Bindet Sauerstoffmolek\u00fcle an H\u00e4moglobin in den roten Blutk\u00f6rperchen und tr\u00e4gt damit zu einem normalen Sauerstofftransport im K\u00f6rper bei. Dieser ist w\u00e4hrend der Zeit von erh\u00f6htem Bedarf in der Schwangerschaft.<\/li>\n<li><strong><a href=\"https:\/\/la-perle.ch\/fr_ch\/shop\/kingnature\/sport-mouvement\/amino-vida\/\">Amino Vida<\/a><\/strong>: les acides amin\u00e9s fournissent au corps suffisamment d'\u00e9nergie pendant la p\u00e9riode m\u00e9tabolique intense de la grossesse. Les acides amin\u00e9s constituent les \u00e9l\u00e9ments de base de toutes les hormones et de tous les tissus du f\u0153tus qui doivent \u00eatre produits.<\/li>\n<li><a href=\"https:\/\/la-perle.ch\/fr_ch\/shop\/kingnature\/performance-cognitive\/vitality-shot\/\"><strong>Vitality Shot<\/strong><\/a>: Fols\u00e4ure oder Folat wird f\u00fcr eine gesunde Entwicklung des F\u00f6tus in den ersten 3 Monaten der Schwangerschaft ben\u00f6tigt. Ein niedriger Folatspiegel ist bei Schwangeren ein Risikofaktor f\u00fcr die Entstehung von Neuralrohrdefekten beim heranwachsenden F\u00f6tus.<\/li>\n<li><strong><a href=\"https:\/\/la-perle.ch\/fr_ch\/shop\/kingnature\/performance-cognitive\/omega-3-vida\/\">Omega-3 Vida<\/a><\/strong>, <strong><a href=\"https:\/\/la-perle.ch\/fr_ch\/shop\/kingnature\/soins-de-base\/omega-3-vegan\/\">Omega-3 Vegan<\/a><\/strong>, <strong><a href=\"https:\/\/la-perle.ch\/fr_ch\/shop\/kingnature\/performance-cognitive\/krill-vida\/\">Krill Vida<\/a><\/strong>: Omega-3 Fetts\u00e4uren sind ein Grundbaustein der Nervenzellen und tragen zur normalen Funktionen f\u00fcr Augen und Herz-Kreislaufsystem bei. Omega-3 Fetts\u00e4uren sind deshalb essentiell wichtig im dritten Drittel der Schwangerschaft, wenn diese Funktionen verst\u00e4rkt ausgebildet werden.<\/li>\n<\/ul>\n<p><strong>Compose ta bo\u00eete individuelle pour un approvisionnement de base optimal pendant la grossesse et profite d'une r\u00e9duction.<\/strong><\/p>","protected":false},"excerpt":{"rendered":"<p>Cette bo\u00eete contient toutes les substances vitales pour un excellent approvisionnement pendant la grossesse. Pendant la grossesse, le m\u00e9tabolisme de la m\u00e8re a un besoin accru de fer et d'acides amin\u00e9s. L'acide folique (vitamine B9) est n\u00e9cessaire au bon d\u00e9veloppement du f\u0153tus pendant les trois premiers mois. Om\u00e9ga-3 pour un d\u00e9veloppement sain des fonctions c\u00e9r\u00e9brales, oculaires et cardiovasculaires. <a href=\"https:\/\/la-perle.ch\/fr_ch\/shop\/kingnature\/soins-de-base\/eisen-vida\/\">Fer<\/a>: le fer lie les mol\u00e9cules d'oxyg\u00e8ne \u00e0 l'h\u00e9moglobine dans les globules rouges et est donc essentiel pour un apport suffisant en oxyg\u00e8ne pendant les p\u00e9riodes de besoins accrus pendant la grossesse. <a href=\"https:\/\/la-perle.ch\/fr_ch\/shop\/kingnature\/sport-mouvement\/amino-vida\/\">Acides amin\u00e9s<\/a>: Versorgen den K\u00f6rper mit ausreichend Energie w\u00e4hrend der stoffwechselintensiven Zeit der Schwangerschaft. Aminos\u00e4uren bilden die Grundbausteine f\u00fcr alle Hormone und Gewebe des F\u00f6tus, welche gebildet werden m\u00fcssen. <a href=\"https:\/\/la-perle.ch\/fr_ch\/shop\/kingnature\/performance-cognitive\/vitality-shot\/\">Acide folique<\/a>: Wird f\u00fcr eine gesunde Entwicklung des F\u00f6tus in den ersten 3 Monaten der Schwangerschaft ben\u00f6tigt. Fols\u00e4ure verhindert Fehlgeburten und Missbildungen. <a href=\"https:\/\/la-perle.ch\/fr_ch\/shop\/kingnature\/performance-cognitive\/omega-3-vida\/\">Omega-3 Vida<\/a>, <a href=\"https:\/\/la-perle.ch\/fr_ch\/shop\/kingnature\/soins-de-base\/omega-3-vegan\/\">Omega-3 Vegan<\/a>, <a href=\"https:\/\/la-perle.ch\/fr_ch\/shop\/kingnature\/performance-cognitive\/krill-vida\/\">Krill Vida<\/a>: les acides gras om\u00e9ga-3 sont un \u00e9l\u00e9ment de base des cellules nerveuses et ont diverses fonctions pour les yeux et le syst\u00e8me cardiovasculaire. Les acides gras om\u00e9ga-3 sont donc essentiels au troisi\u00e8me trimestre de la grossesse, lorsque ces fonctions se d\u00e9veloppent davantage. <strong>Compose ta bo\u00eete individuelle pour un approvisionnement de base optimal pendant la grossesse et profite d'une r\u00e9duction.<\/strong><\/p>","protected":false},"featured_media":3885,"comment_status":"open","ping_status":"closed","template":"","meta":{"_acf_changed":false,"site-sidebar-layout":"default","site-content-layout":"default","ast-site-content-layout":"default","site-content-style":"default","site-sidebar-style":"default","ast-global-header-display":"","ast-banner-title-visibility":"","ast-main-header-display":"","ast-hfb-above-header-display":"","ast-hfb-below-header-display":"","ast-hfb-mobile-header-display":"","site-post-title":"","ast-breadcrumbs-content":"","ast-featured-img":"","footer-sml-layout":"","theme-transparent-header-meta":"default","adv-header-id-meta":"","stick-header-meta":"","header-above-stick-meta":"","header-main-stick-meta":"","header-below-stick-meta":"","astra-migrate-meta-layouts":"set","ast-page-background-enabled":"default","ast-page-background-meta":{"desktop":{"background-color":"var(--ast-global-color-4)","background-image":"","background-repeat":"repeat","background-position":"center center","background-size":"auto","background-attachment":"scroll","background-type":"","background-media":"","overlay-type":"","overlay-color":"","overlay-opacity":"","overlay-gradient":""},"tablet":{"background-color":"","background-image":"","background-repeat":"repeat","background-position":"center center","background-size":"auto","background-attachment":"scroll","background-type":"","background-media":"","overlay-type":"","overlay-color":"","overlay-opacity":"","overlay-gradient":""},"mobile":{"background-color":"","background-image":"","background-repeat":"repeat","background-position":"center center","background-size":"auto","background-attachment":"scroll","background-type":"","background-media":"","overlay-type":"","overlay-color":"","overlay-opacity":"","overlay-gradient":""}},"ast-content-background-meta":{"desktop":{"background-color":"var(--ast-global-color-5)","background-image":"","background-repeat":"repeat","background-position":"center center","background-size":"auto","background-attachment":"scroll","background-type":"","background-media":"","overlay-type":"","overlay-color":"","overlay-opacity":"","overlay-gradient":""},"tablet":{"background-color":"var(--ast-global-color-5)","background-image":"","background-repeat":"repeat","background-position":"center center","background-size":"auto","background-attachment":"scroll","background-type":"","background-media":"","overlay-type":"","overlay-color":"","overlay-opacity":"","overlay-gradient":""},"mobile":{"background-color":"var(--ast-global-color-5)","background-image":"","background-repeat":"repeat","background-position":"center center","background-size":"auto","background-attachment":"scroll","background-type":"","background-media":"","overlay-type":"","overlay-color":"","overlay-opacity":"","overlay-gradient":""}},"_glsr_average":0,"_glsr_ranking":0,"_glsr_reviews":0},"product_brand":[],"product_cat":[51,28],"product_tag":[],"class_list":{"0":"post-3882","1":"product","2":"type-product","3":"status-publish","4":"has-post-thumbnail","6":"product_cat-grundversorgung","7":"product_cat-kingnature","8":"desktop-align-center","9":"tablet-align-left","10":"mobile-align-left","12":"first","13":"instock","14":"sale","15":"shipping-taxable","16":"purchasable","17":"product-type-woosb"},"acf":[],"aioseo_notices":[],"jetpack_sharing_enabled":true,"_links":{"self":[{"href":"https:\/\/la-perle.ch\/fr_ch\/wp-json\/wp\/v2\/product\/3882","targetHints":{"allow":["GET"]}}],"collection":[{"href":"https:\/\/la-perle.ch\/fr_ch\/wp-json\/wp\/v2\/product"}],"about":[{"href":"https:\/\/la-perle.ch\/fr_ch\/wp-json\/wp\/v2\/types\/product"}],"replies":[{"embeddable":true,"href":"https:\/\/la-perle.ch\/fr_ch\/wp-json\/wp\/v2\/comments?post=3882"}],"wp:featuredmedia":[{"embeddable":true,"href":"https:\/\/la-perle.ch\/fr_ch\/wp-json\/wp\/v2\/media\/3885"}],"wp:attachment":[{"href":"https:\/\/la-perle.ch\/fr_ch\/wp-json\/wp\/v2\/media?parent=3882"}],"wp:term":[{"taxonomy":"product_brand","embeddable":true,"href":"https:\/\/la-perle.ch\/fr_ch\/wp-json\/wp\/v2\/product_brand?post=3882"},{"taxonomy":"product_cat","embeddable":true,"href":"https:\/\/la-perle.ch\/fr_ch\/wp-json\/wp\/v2\/product_cat?post=3882"},{"taxonomy":"product_tag","embeddable":true,"href":"https:\/\/la-perle.ch\/fr_ch\/wp-json\/wp\/v2\/product_tag?post=3882"}],"curies":[{"name":"wp","href":"https:\/\/api.w.org\/{rel}","templated":true}]}}