{"id":5402,"date":"2025-11-20T11:26:49","date_gmt":"2025-11-20T11:26:49","guid":{"rendered":"https:\/\/la-perle.ch\/?post_type=product&#038;p=5402"},"modified":"2025-12-16T13:23:54","modified_gmt":"2025-12-16T13:23:54","slug":"gutschein-vitalstoffberatung-25-min","status":"publish","type":"product","link":"https:\/\/la-perle.ch\/fr_ch\/shop\/gutscheine\/gutschein-vitalstoffberatung-25-min\/","title":{"rendered":"Gutschein &#8211; Vitalstoffberatung 25 min"},"content":{"rendered":"<p>Schenke Gesundheit! In einer Vitalstoffberatung mit w\u00e4hlbaren Schwerpunkten: Immunsystem und Pr\u00e4vention, Darmgesundheit, Wechseljahre, Grippe und Erk\u00e4ltung, Gesunde Gelenke und viele Andere erhalten deine Liebsten wirksame Behandlungsvorschl\u00e4ge und Pr\u00e4ventionsmassnahmen mit rein nat\u00fcrlichen Vitalstoffen. Die Wirkungsmechanismen sind wissenschaftlich erwiesen und empirisch erprobt. Unsere ausgebildete Vitalstofftherapeutin hat ein offenes Ohr f\u00fcr jedes Problem.<\/p>","protected":false},"excerpt":{"rendered":"<p>Schenke Gesundheit! In einer Vitalstoffberatung mit w\u00e4hlbaren Schwerpunkten: Immunsystem und Pr\u00e4vention, Darmgesundheit, Wechseljahre, Grippe und Erk\u00e4ltung, Gesunde Gelenke und viele Andere erhalten deine Liebsten wirksame Behandlungsvorschl\u00e4ge und Pr\u00e4ventionsmassnahmen mit rein nat\u00fcrlichen Vitalstoffen. Die Wirkungsmechanismen sind wissenschaftlich erwiesen und empirisch erprobt. Unsere ausgebildete Vitalstofftherapeutin hat ein offenes Ohr f\u00fcr jedes Problem.<\/p>","protected":false},"featured_media":5429,"comment_status":"open","ping_status":"closed","template":"","meta":{"_acf_changed":false,"site-sidebar-layout":"default","site-content-layout":"","ast-site-content-layout":"default","site-content-style":"default","site-sidebar-style":"default","ast-global-header-display":"","ast-banner-title-visibility":"","ast-main-header-display":"","ast-hfb-above-header-display":"","ast-hfb-below-header-display":"","ast-hfb-mobile-header-display":"","site-post-title":"","ast-breadcrumbs-content":"","ast-featured-img":"","footer-sml-layout":"","theme-transparent-header-meta":"default","adv-header-id-meta":"","stick-header-meta":"","header-above-stick-meta":"","header-main-stick-meta":"","header-below-stick-meta":"","astra-migrate-meta-layouts":"set","ast-page-background-enabled":"default","ast-page-background-meta":{"desktop":{"background-color":"var(--ast-global-color-4)","background-image":"","background-repeat":"repeat","background-position":"center center","background-size":"auto","background-attachment":"scroll","background-type":"","background-media":"","overlay-type":"","overlay-color":"","overlay-opacity":"","overlay-gradient":""},"tablet":{"background-color":"","background-image":"","background-repeat":"repeat","background-position":"center center","background-size":"auto","background-attachment":"scroll","background-type":"","background-media":"","overlay-type":"","overlay-color":"","overlay-opacity":"","overlay-gradient":""},"mobile":{"background-color":"","background-image":"","background-repeat":"repeat","background-position":"center center","background-size":"auto","background-attachment":"scroll","background-type":"","background-media":"","overlay-type":"","overlay-color":"","overlay-opacity":"","overlay-gradient":""}},"ast-content-background-meta":{"desktop":{"background-color":"var(--ast-global-color-5)","background-image":"","background-repeat":"repeat","background-position":"center center","background-size":"auto","background-attachment":"scroll","background-type":"","background-media":"","overlay-type":"","overlay-color":"","overlay-opacity":"","overlay-gradient":""},"tablet":{"background-color":"var(--ast-global-color-5)","background-image":"","background-repeat":"repeat","background-position":"center center","background-size":"auto","background-attachment":"scroll","background-type":"","background-media":"","overlay-type":"","overlay-color":"","overlay-opacity":"","overlay-gradient":""},"mobile":{"background-color":"var(--ast-global-color-5)","background-image":"","background-repeat":"repeat","background-position":"center center","background-size":"auto","background-attachment":"scroll","background-type":"","background-media":"","overlay-type":"","overlay-color":"","overlay-opacity":"","overlay-gradient":""}},"_glsr_average":0,"_glsr_ranking":0,"_glsr_reviews":0},"product_brand":[],"product_cat":[166],"product_tag":[],"class_list":{"0":"post-5402","1":"product","2":"type-product","3":"status-publish","4":"has-post-thumbnail","6":"product_cat-gutscheine","7":"desktop-align-center","8":"tablet-align-left","9":"mobile-align-left","11":"first","12":"instock","13":"shipping-taxable","14":"purchasable","15":"product-type-simple"},"acf":[],"aioseo_notices":[],"jetpack_sharing_enabled":true,"_links":{"self":[{"href":"https:\/\/la-perle.ch\/fr_ch\/wp-json\/wp\/v2\/product\/5402","targetHints":{"allow":["GET"]}}],"collection":[{"href":"https:\/\/la-perle.ch\/fr_ch\/wp-json\/wp\/v2\/product"}],"about":[{"href":"https:\/\/la-perle.ch\/fr_ch\/wp-json\/wp\/v2\/types\/product"}],"replies":[{"embeddable":true,"href":"https:\/\/la-perle.ch\/fr_ch\/wp-json\/wp\/v2\/comments?post=5402"}],"wp:featuredmedia":[{"embeddable":true,"href":"https:\/\/la-perle.ch\/fr_ch\/wp-json\/wp\/v2\/media\/5429"}],"wp:attachment":[{"href":"https:\/\/la-perle.ch\/fr_ch\/wp-json\/wp\/v2\/media?parent=5402"}],"wp:term":[{"taxonomy":"product_brand","embeddable":true,"href":"https:\/\/la-perle.ch\/fr_ch\/wp-json\/wp\/v2\/product_brand?post=5402"},{"taxonomy":"product_cat","embeddable":true,"href":"https:\/\/la-perle.ch\/fr_ch\/wp-json\/wp\/v2\/product_cat?post=5402"},{"taxonomy":"product_tag","embeddable":true,"href":"https:\/\/la-perle.ch\/fr_ch\/wp-json\/wp\/v2\/product_tag?post=5402"}],"curies":[{"name":"wp","href":"https:\/\/api.w.org\/{rel}","templated":true}]}}